{"id":1429,"date":"2022-05-09T21:26:32","date_gmt":"2022-05-09T21:26:32","guid":{"rendered":"https:\/\/www.bluewatchfoundation.org\/?page_id=1429"},"modified":"2026-03-27T13:08:59","modified_gmt":"2026-03-27T13:08:59","slug":"events-image-gallery","status":"publish","type":"page","link":"https:\/\/bluewatchfoundation.org\/de\/events-image-gallery\/","title":{"rendered":"Veranstaltungen Bildergalerie"},"content":{"rendered":"<p>[et_pb_section fb_built=&#8221;1&#8243; _builder_version=&#8221;4.16&#8243; _module_preset=&#8221;default&#8221; global_colors_info=&#8221;{}&#8221;][et_pb_row _builder_version=&#8221;4.16&#8243; _module_preset=&#8221;default&#8221; global_colors_info=&#8221;{}&#8221;][et_pb_column type=&#8221;4_4&#8243; _builder_version=&#8221;4.16&#8243; _module_preset=&#8221;default&#8221; global_colors_info=&#8221;{}&#8221;][et_pb_text _builder_version=&#8221;4.16&#8243; _module_preset=&#8221;default&#8221; custom_margin=&#8221;||||false|false&#8221; custom_padding=&#8221;||||false|false&#8221; global_colors_info=&#8221;{}&#8221;]<\/p>\n<h1>Blue Watch Events Galerie<\/h1>\n<p>Erfahren Sie, was bei der Blue Watch Foundation passiert ist<\/p>\n<p>[\/et_pb_text][\/et_pb_column][\/et_pb_row][et_pb_row _builder_version=&#8221;4.16&#8243; _module_preset=&#8221;default&#8221; global_colors_info=&#8221;{}&#8221;][et_pb_column type=&#8221;4_4&#8243; _builder_version=&#8221;4.16&#8243; _module_preset=&#8221;default&#8221; global_colors_info=&#8221;{}&#8221;][et_pb_text _builder_version=&#8221;4.27.4&#8243; _module_preset=&#8221;default&#8221; custom_margin=&#8221;||||false|false&#8221; custom_padding=&#8221;1px||||false|false&#8221; global_colors_info=&#8221;{}&#8221;]<\/p>\n<h2><span>BlueWatch Summit 2025<\/span><\/h2>\n<p><span>Our signature event reached over 75 officers from all over Alabama.\u00a0 Keynote speakers included Ken Valentine and Scotty Smiley along with breakout sessions lead by Greg Bettis, Jenny Lanzen and Chaplain George Anthony Wehby.<\/span><\/p>\n<p>[\/et_pb_text][et_pb_gallery gallery_ids=&#8221;2401,2402,2403,2404,2405,2406,2407,2408,2409,2410,2411,2412,2413,2414,2415,2416,2417,2418,2419&#8243; gallery_orderby=&#8221;rand&#8221; posts_number=&#8221;16&#8243; show_title_and_caption=&#8221;off&#8221; _builder_version=&#8221;4.27.4&#8243; _module_preset=&#8221;default&#8221; min_height=&#8221;745px&#8221; min_height_tablet=&#8221;&#8221; min_height_phone=&#8221;&#8221; min_height_last_edited=&#8221;on|phone&#8221; custom_margin=&#8221;0px|0px|0px|0px|false|false&#8221; custom_padding=&#8221;|0px|0px|0px|false|false&#8221; hover_enabled=&#8221;0&#8243; global_colors_info=&#8221;{}&#8221; sticky_enabled=&#8221;0&#8243;][\/et_pb_gallery][et_pb_text _builder_version=&#8221;4.27.4&#8243; _module_preset=&#8221;default&#8221; custom_margin=&#8221;||||false|false&#8221; custom_padding=&#8221;||||false|false&#8221; global_colors_info=&#8221;{}&#8221;]<\/p>\n<h2><span>Second Annual Trivia Night Fundraiser \u2014 April 2025<\/span><\/h2>\n<p><span>With host Will Lochamy<\/span><\/p>\n<p>[\/et_pb_text][et_pb_gallery gallery_ids=&#8221;2360,2361,2362,2363,2379,2380,2381,2382,2383,2384,2385,2386,2387,2388,2389,2390,2391,2392,2393,2394,2395,2396,2397,2398&#8243; gallery_orderby=&#8221;rand&#8221; posts_number=&#8221;16&#8243; show_title_and_caption=&#8221;off&#8221; _builder_version=&#8221;4.27.4&#8243; _module_preset=&#8221;default&#8221; min_height=&#8221;745px&#8221; min_height_tablet=&#8221;&#8221; min_height_phone=&#8221;&#8221; min_height_last_edited=&#8221;on|phone&#8221; custom_margin=&#8221;0px|0px|0px|0px|false|false&#8221; custom_padding=&#8221;|0px|0px|0px|false|false&#8221; global_colors_info=&#8221;{}&#8221;][\/et_pb_gallery][et_pb_text _builder_version=&#8221;4.27.4&#8243; _module_preset=&#8221;default&#8221; custom_margin=&#8221;||||false|false&#8221; custom_padding=&#8221;||||false|false&#8221; global_colors_info=&#8221;{}&#8221;]<\/p>\n<h2><span>BlueWatch Gipfel 2024<\/span><\/h2>\n<p><span>An unserer wichtigsten Veranstaltung nahmen \u00fcber 75 Beamte aus ganz Alabama teil.  Zu den Hauptrednern geh\u00f6rten Amos Benjamin und A.C. Roper, w\u00e4hrend Jay Penton, Allen Hendrickson, Clay Tolson, Ashley Curry, Annetta W. Nunn und Kristofor Healey die einzelnen Sitzungen leiteten.\u00a0\u00a0<\/span><\/p>\n<p>[\/et_pb_text][et_pb_gallery gallery_ids=&#8221;2220,2221,2222,2223,2224,2225,2226,2227,2228,2229,2230,2231,2232,2233,2234&#8243; gallery_orderby=&#8221;rand&#8221; posts_number=&#8221;16&#8243; show_title_and_caption=&#8221;off&#8221; _builder_version=&#8221;4.16&#8243; _module_preset=&#8221;default&#8221; min_height=&#8221;745px&#8221; min_height_tablet=&#8221;&#8221; min_height_phone=&#8221;&#8221; min_height_last_edited=&#8221;on|phone&#8221; custom_margin=&#8221;0px|0px|0px|0px|false|false&#8221; custom_padding=&#8221;|0px|0px|0px|false|false&#8221; global_colors_info=&#8221;{}&#8221;][\/et_pb_gallery][et_pb_text _builder_version=&#8221;4.16&#8243; _module_preset=&#8221;default&#8221; custom_margin=&#8221;||||false|false&#8221; custom_padding=&#8221;||||false|false&#8221; global_colors_info=&#8221;{}&#8221;]<\/p>\n<h2><span>Erste j\u00e4hrliche Trivia Night Fundraiser-Veranstaltung - April 2024<\/span><\/h2>\n<p><span>Mit den Gastgebern Ryan Brown und Lance Taylor von NextRound<\/span><\/p>\n<p>[\/et_pb_text][et_pb_gallery gallery_ids=&#8221;2015,2016,2017,2018,2019,2020,2021,2022,2023,2024,2025&#8243; gallery_orderby=&#8221;rand&#8221; posts_number=&#8221;16&#8243; show_title_and_caption=&#8221;off&#8221; _builder_version=&#8221;4.27.4&#8243; _module_preset=&#8221;default&#8221; min_height=&#8221;745px&#8221; min_height_tablet=&#8221;&#8221; min_height_phone=&#8221;&#8221; min_height_last_edited=&#8221;on|phone&#8221; custom_margin=&#8221;0px|0px|0px|0px|false|false&#8221; custom_padding=&#8221;0px|0px|0px|0px|false|false&#8221; hover_enabled=&#8221;0&#8243; global_colors_info=&#8221;{}&#8221; sticky_enabled=&#8221;0&#8243;][\/et_pb_gallery][et_pb_text _builder_version=&#8221;4.16&#8243; _module_preset=&#8221;default&#8221; custom_margin=&#8221;||||false|false&#8221; custom_padding=&#8221;||||false|false&#8221; global_colors_info=&#8221;{}&#8221;]<\/p>\n<h2><span>Live Unconquered Konferenz - Oktober 2023<\/span><\/h2>\n<p><span>Mit den Hauptrednern Adam Davis, Andy Hughes und Oberstleutnant Dave Grossman<\/span><\/p>\n<p>[\/et_pb_text][et_pb_gallery gallery_ids=&#8221;1924,1925,1926,1927,1929,1930,1932,1933,1935,1937,1938,1939,1940,1943,1944,1947&#8243; gallery_orderby=&#8221;rand&#8221; posts_number=&#8221;16&#8243; show_title_and_caption=&#8221;off&#8221; _builder_version=&#8221;4.16&#8243; _module_preset=&#8221;default&#8221; min_height=&#8221;745px&#8221; min_height_tablet=&#8221;&#8221; min_height_phone=&#8221;&#8221; min_height_last_edited=&#8221;on|phone&#8221; global_colors_info=&#8221;{}&#8221;][\/et_pb_gallery][\/et_pb_column][\/et_pb_row][et_pb_row _builder_version=&#8221;4.16&#8243; _module_preset=&#8221;default&#8221; global_colors_info=&#8221;{}&#8221;][et_pb_column type=&#8221;4_4&#8243; _builder_version=&#8221;4.16&#8243; _module_preset=&#8221;default&#8221; global_colors_info=&#8221;{}&#8221;][et_pb_text _builder_version=&#8221;4.16&#8243; _module_preset=&#8221;default&#8221; custom_margin=&#8221;||||false|false&#8221; custom_padding=&#8221;||||false|false&#8221; global_colors_info=&#8221;{}&#8221;]<\/p>\n<h2>Weitere Blue Watch Veranstaltungen<\/h2>\n<p>[\/et_pb_text][et_pb_gallery gallery_ids=&#8221;1449,1450,1452,1454,1461,1462,1463,1464,1465,1467,1468,1469,1470,1480,1630,1632&#8243; gallery_orderby=&#8221;rand&#8221; posts_number=&#8221;16&#8243; show_title_and_caption=&#8221;off&#8221; _builder_version=&#8221;4.16&#8243; _module_preset=&#8221;default&#8221; min_height=&#8221;745px&#8221; min_height_tablet=&#8221;&#8221; min_height_phone=&#8221;&#8221; min_height_last_edited=&#8221;on|phone&#8221; global_colors_info=&#8221;{}&#8221;][\/et_pb_gallery][\/et_pb_column][\/et_pb_row][\/et_pb_section]<\/p>","protected":false},"excerpt":{"rendered":"<p>Blue Watch Events Gallery Check out what&#8217;s been happening at Blue Watch FoundationBlueWatch Summit 2025 Our signature event reached over 75 officers from all over Alabama.\u00a0 Keynote speakers included Ken Valentine and Scotty Smiley along with breakout sessions lead by Greg Bettis, Jenny Lanzen and Chaplain George Anthony Wehby.Second Annual Trivia Night Fundraiser \u2014 April [&hellip;]<\/p>","protected":false},"author":5,"featured_media":0,"parent":0,"menu_order":0,"comment_status":"closed","ping_status":"closed","template":"","meta":{"_et_pb_use_builder":"on","_et_pb_old_content":"","_et_gb_content_width":"","footnotes":""},"class_list":["post-1429","page","type-page","status-publish","hentry"],"_links":{"self":[{"href":"https:\/\/bluewatchfoundation.org\/de\/wp-json\/wp\/v2\/pages\/1429","targetHints":{"allow":["GET"]}}],"collection":[{"href":"https:\/\/bluewatchfoundation.org\/de\/wp-json\/wp\/v2\/pages"}],"about":[{"href":"https:\/\/bluewatchfoundation.org\/de\/wp-json\/wp\/v2\/types\/page"}],"author":[{"embeddable":true,"href":"https:\/\/bluewatchfoundation.org\/de\/wp-json\/wp\/v2\/users\/5"}],"replies":[{"embeddable":true,"href":"https:\/\/bluewatchfoundation.org\/de\/wp-json\/wp\/v2\/comments?post=1429"}],"version-history":[{"count":29,"href":"https:\/\/bluewatchfoundation.org\/de\/wp-json\/wp\/v2\/pages\/1429\/revisions"}],"predecessor-version":[{"id":2420,"href":"https:\/\/bluewatchfoundation.org\/de\/wp-json\/wp\/v2\/pages\/1429\/revisions\/2420"}],"wp:attachment":[{"href":"https:\/\/bluewatchfoundation.org\/de\/wp-json\/wp\/v2\/media?parent=1429"}],"curies":[{"name":"wp","href":"https:\/\/api.w.org\/{rel}","templated":true}]}}