{"id":312,"date":"2019-08-13T03:52:21","date_gmt":"2019-08-13T03:52:21","guid":{"rendered":"https:\/\/www.bluewatchfoundation.org\/?page_id=312"},"modified":"2026-03-27T20:16:06","modified_gmt":"2026-03-27T20:16:06","slug":"meet-the-team","status":"publish","type":"page","link":"https:\/\/bluewatchfoundation.org\/de\/meet-the-team\/","title":{"rendered":"\u00dcber uns"},"content":{"rendered":"<p>[et_pb_section fb_built=&#8221;1&#8243; _builder_version=&#8221;4.16&#8243; global_colors_info=&#8221;{}&#8221;][et_pb_row _builder_version=&#8221;4.16&#8243; _module_preset=&#8221;default&#8221; custom_margin=&#8221;0px||0px||false|false&#8221; custom_padding=&#8221;0px||0px||false|false&#8221; global_colors_info=&#8221;{}&#8221;][et_pb_column type=&#8221;4_4&#8243; _builder_version=&#8221;4.16&#8243; _module_preset=&#8221;default&#8221; global_colors_info=&#8221;{}&#8221;][et_pb_text _builder_version=&#8221;4.16&#8243; _module_preset=&#8221;default&#8221; global_colors_info=&#8221;{}&#8221;]<\/p>\n<h2 style=\"text-align: center;\">Die BlueWatch Foundation ... was machen wir WIRKLICH?<\/h2>\n<p>[\/et_pb_text][et_pb_text _builder_version=&#8221;4.16&#8243; _module_preset=&#8221;default&#8221; global_colors_info=&#8221;{}&#8221;]<\/p>\n<p>Wenn Sie es bis hierher geschafft haben, haben Sie wahrscheinlich die Aufgabenbeschreibung gelesen.  Aber das sagt Ihnen nicht wirklich, wie wir diese Ziele in die Tat umsetzen.   Wie unterst\u00fctzen und erziehen wir?  Was bedeutet \"Ermutigung\" f\u00fcr einen Beamten?  Wie binden wir die Beamten und die Gemeinschaft, in der sie dienen, ein?<\/p>\n<p>Unsere Mission konzentriert sich auf vier Schl\u00fcsselstrategien, von denen wir glauben, dass sie jedem Offizier die besten Chancen bieten, in seiner Karriere erfolgreich zu sein und gleichzeitig eine positive Beziehung zu seiner Familie und seiner Gemeinschaft zu pflegen.  In unserem Streben nach allgemeinem Wohlbefinden sind wir davon \u00fcberzeugt, dass geistiges Wohlbefinden und eine bedeutungsvolle Beziehung zu Gott f\u00fcr den Erfolg der von uns angewandten Strategien und f\u00fcr die von uns betreuten Beamten von entscheidender Bedeutung sind.  Unsere strategischen Ziele umfassen:<\/p>\n<p>&nbsp;<\/p>\n<p>[\/et_pb_text][\/et_pb_column][\/et_pb_row][et_pb_row column_structure=&#8221;1_4,1_4,1_4,1_4&#8243; _builder_version=&#8221;4.16&#8243; _module_preset=&#8221;default&#8221; global_colors_info=&#8221;{}&#8221;][et_pb_column type=&#8221;1_4&#8243; _builder_version=&#8221;4.16&#8243; _module_preset=&#8221;default&#8221; global_colors_info=&#8221;{}&#8221;][et_pb_text _builder_version=&#8221;4.16&#8243; _module_preset=&#8221;default&#8221; header_3_text_align=&#8221;center&#8221; header_3_font_size=&#8221;16px&#8221; custom_margin=&#8221;0px||-1px||false|false&#8221; custom_padding=&#8221;0px||0px||false|false&#8221; global_colors_info=&#8221;{}&#8221;]<\/p>\n<h3 style=\"text-align: left;\">Workshops und Seminare<\/h3>\n<p>[\/et_pb_text][et_pb_image src=&#8221;http:\/\/bluewatchfoundation.org\/wp-content\/uploads\/2023\/10\/LiveUnconqueredConference-IMG_0774.jpg&#8221; title_text=&#8221;LiveUnconqueredConference-IMG_0774&#8243; _builder_version=&#8221;4.16&#8243; _module_preset=&#8221;default&#8221; global_colors_info=&#8221;{}&#8221;][\/et_pb_image][et_pb_text _builder_version=&#8221;4.16&#8243; _module_preset=&#8221;default&#8221; global_colors_info=&#8221;{}&#8221;]<\/p>\n<p style=\"text-align: left;\">Jedes Jahr werden mehrere Veranstaltungen mit den Schwerpunkten F\u00fchrung, emotionales Wohlbefinden und k\u00f6rperliches Wohlbefinden durchgef\u00fchrt.  Diese Veranstaltungen werden von lokalen und landesweit anerkannten Experten auf den jeweiligen Gebieten geleitet.  Ein Gro\u00dfteil der Schulungen kann bei APOST als Fortbildung angerechnet werden.<\/p>\n<p>[\/et_pb_text][\/et_pb_column][et_pb_column type=&#8221;1_4&#8243; _builder_version=&#8221;4.16&#8243; _module_preset=&#8221;default&#8221; global_colors_info=&#8221;{}&#8221;][et_pb_text _builder_version=&#8221;4.16&#8243; _module_preset=&#8221;default&#8221; header_3_text_align=&#8221;center&#8221; header_3_font_size=&#8221;16px&#8221; custom_margin=&#8221;0px||-1px||false|false&#8221; custom_padding=&#8221;0px||0px||false|false&#8221; global_colors_info=&#8221;{}&#8221;]<\/p>\n<h3 style=\"text-align: left;\">Mentoring<\/h3>\n<p>[\/et_pb_text][et_pb_image src=&#8221;http:\/\/bluewatchfoundation.org\/wp-content\/uploads\/2022\/09\/DSC0109.jpg&#8221; title_text=&#8221;_DSC0109&#8243; _builder_version=&#8221;4.16&#8243; _module_preset=&#8221;default&#8221; global_colors_info=&#8221;{}&#8221;][\/et_pb_image][et_pb_text _builder_version=&#8221;4.16&#8243; _module_preset=&#8221;default&#8221; global_colors_info=&#8221;{}&#8221;]<\/p>\n<p style=\"text-align: left;\">Die Offiziere haben die M\u00f6glichkeit, sich regelm\u00e4\u00dfig mit einem Mentor zu treffen, um ihre F\u00fchrungsqualit\u00e4ten zu verbessern, ihre berufliche Entwicklung voranzutreiben oder sich in pers\u00f6nlichen und famili\u00e4ren Fragen beraten zu lassen.  Im Rahmen dieser Strategie werden Beamte einzeln mit Coaches, pensionierten Beamten oder aktuellen, erfahreneren Beamten, die als Mentoren fungieren k\u00f6nnen, zusammengebracht.<\/p>\n<p>[\/et_pb_text][\/et_pb_column][et_pb_column type=&#8221;1_4&#8243; _builder_version=&#8221;4.16&#8243; _module_preset=&#8221;default&#8221; global_colors_info=&#8221;{}&#8221;][et_pb_text _builder_version=&#8221;4.16&#8243; _module_preset=&#8221;default&#8221; header_3_text_align=&#8221;center&#8221; header_3_font_size=&#8221;16px&#8221; custom_margin=&#8221;0px||-1px||false|false&#8221; custom_padding=&#8221;0px||0px||false|false&#8221; global_colors_info=&#8221;{}&#8221;]<\/p>\n<h3 style=\"text-align: left;\">Professionelle Dienstleistungen<\/h3>\n<p>[\/et_pb_text][et_pb_image src=&#8221;http:\/\/bluewatchfoundation.org\/wp-content\/uploads\/2023\/10\/LiveUnconqueredConference-IMG_0756.jpg&#8221; title_text=&#8221;LiveUnconqueredConference-IMG_0756&#8243; _builder_version=&#8221;4.16&#8243; _module_preset=&#8221;default&#8221; global_colors_info=&#8221;{}&#8221;][\/et_pb_image][et_pb_text _builder_version=&#8221;4.16&#8243; _module_preset=&#8221;default&#8221; global_colors_info=&#8221;{}&#8221;]<\/p>\n<p style=\"text-align: left;\">Wir vermitteln professionelle Hilfe von Therapeuten, Psychologen und Seelsorgern, um diejenigen Beamten zu unterst\u00fctzen, die eine speziellere Betreuung bei emotionalen, spirituellen oder famili\u00e4ren Problemen wie Angst, Depression, Ehekrisen, Erziehungsfragen, Drogenmissbrauch und Schuldgef\u00fchlen ben\u00f6tigen.\u00a0<\/p>\n<p>[\/et_pb_text][\/et_pb_column][et_pb_column type=&#8221;1_4&#8243; _builder_version=&#8221;4.16&#8243; _module_preset=&#8221;default&#8221; global_colors_info=&#8221;{}&#8221;][et_pb_text _builder_version=&#8221;4.16&#8243; _module_preset=&#8221;default&#8221; header_3_text_align=&#8221;center&#8221; header_3_font_size=&#8221;16px&#8221; custom_margin=&#8221;0px||-1px||false|false&#8221; custom_padding=&#8221;0px||0px||false|false&#8221; global_colors_info=&#8221;{}&#8221;]<\/p>\n<h3 style=\"text-align: left;\">Service-M\u00f6glichkeiten<\/h3>\n<p>[\/et_pb_text][et_pb_image src=&#8221;http:\/\/bluewatchfoundation.org\/wp-content\/uploads\/2022\/08\/shades-volunteer_2712.jpg&#8221; title_text=&#8221;shades volunteer_2712&#8243; _builder_version=&#8221;4.16&#8243; _module_preset=&#8221;default&#8221; global_colors_info=&#8221;{}&#8221;][\/et_pb_image][et_pb_text _builder_version=&#8221;4.16&#8243; _module_preset=&#8221;default&#8221; global_colors_info=&#8221;{}&#8221;]<\/p>\n<p style=\"text-align: left;\">Wir glauben, dass pers\u00f6nliche Ganzheitlichkeit nicht erreicht werden kann, ohne den Dienst als Lebensform einzubeziehen.  Beamte befassen sich oft mit den negativen Aspekten einer Gemeinschaft und haben nur selten Gelegenheit, sich auf eine positivere Art und Weise f\u00fcr andere einzusetzen.  Wir bem\u00fchen uns, dies zu \u00e4ndern, indem wir Veranstaltungen koordinieren, die Gemeindemitglieder auf lokaler Ebene einbeziehen, und uns mit anderen Organisationen auf nationaler und internationaler Ebene zusammenschlie\u00dfen.<\/p>\n<p>[\/et_pb_text][\/et_pb_column][\/et_pb_row][et_pb_row _builder_version=&#8221;4.16&#8243; _module_preset=&#8221;default&#8221; global_colors_info=&#8221;{}&#8221;][et_pb_column type=&#8221;4_4&#8243; _builder_version=&#8221;4.16&#8243; _module_preset=&#8221;default&#8221; global_colors_info=&#8221;{}&#8221;][et_pb_text _builder_version=&#8221;4.16&#8243; _module_preset=&#8221;default&#8221; global_colors_info=&#8221;{}&#8221;]<\/p>\n<h3 style=\"text-align: center;\">Treffen Sie unser Team<\/h3>\n<p>[\/et_pb_text][\/et_pb_column][\/et_pb_row][et_pb_row column_structure=&#8221;1_2,1_2&#8243; _builder_version=&#8221;4.16&#8243; global_colors_info=&#8221;{}&#8221;][et_pb_column type=&#8221;1_2&#8243; _builder_version=&#8221;4.16&#8243; global_colors_info=&#8221;{}&#8221;][et_pb_text _builder_version=&#8221;4.27.4&#8243; global_colors_info=&#8221;{}&#8221;]<\/p>\n<h3 style=\"text-align: center;\">Burke Swearingen, Chair &amp; Executive Director<\/h3>\n<p>[\/et_pb_text][et_pb_image src=&#8221;http:\/\/bluewatchfoundation.org\/wp-content\/uploads\/2024\/07\/Burke-Headshot2-scaled-e1721081621756.jpg&#8221; title_text=&#8221;Burke Headshot2&#8243; _builder_version=&#8221;4.16&#8243; width=&#8221;70%&#8221; module_alignment=&#8221;center&#8221; global_colors_info=&#8221;{}&#8221;][\/et_pb_image][\/et_pb_column][et_pb_column type=&#8221;1_2&#8243; _builder_version=&#8221;4.16&#8243; global_colors_info=&#8221;{}&#8221;][et_pb_text _builder_version=&#8221;4.27.4&#8243; text_font=&#8221;||||||||&#8221; text_text_color=&#8221;#5e5e5e&#8221; global_colors_info=&#8221;{}&#8221;]<\/p>\n<h2><strong>Support-Team:<\/strong><\/h2>\n<p><span><strong>Manuel Zarate<\/strong> - Direktor f\u00fcr die Entwicklung von F\u00fchrungskr\u00e4ften<\/span><\/p>\n<p><span><strong>Meagan Phillips<\/strong> - Direktor f\u00fcr Gesch\u00e4ftsbetrieb<\/span><\/p>\n<h2><strong>Der Vorstand:<\/strong><\/h2>\n<p><span><strong>Jeffrey Brown,<\/strong> Vice Chair, FBI &#8211; Retired<\/span><\/p>\n<p><span><strong>Carol Dodgen,<\/strong> Secretary\/Treasurer, Dodgen Security Consulting<\/span><\/p>\n<p><span><strong>David Black, Jr.,<\/strong> Officer<\/span><\/p>\n<p><span><strong>Zach Carroll,<\/strong> Officer<\/span><\/p>\n<p>[\/et_pb_text][\/et_pb_column][\/et_pb_row][\/et_pb_section]<\/p>","protected":false},"excerpt":{"rendered":"<p>At BlueWatch Foundation &#8230; what do we REALLY do?If you&#8217;ve made it this far, you&#8217;ve probably read the mission statement.\u00a0 But that doesn&#8217;t really tell you how we put those goals into action.\u00a0 \u00a0How do we support and educate?\u00a0 What constitutes &#8220;encouragement&#8221; to an officer?\u00a0 How do we engage the officers and the community in [&hellip;]<\/p>","protected":false},"author":2,"featured_media":0,"parent":0,"menu_order":0,"comment_status":"closed","ping_status":"closed","template":"","meta":{"_et_pb_use_builder":"on","_et_pb_old_content":"","_et_gb_content_width":"","footnotes":""},"class_list":["post-312","page","type-page","status-publish","hentry"],"_links":{"self":[{"href":"https:\/\/bluewatchfoundation.org\/de\/wp-json\/wp\/v2\/pages\/312","targetHints":{"allow":["GET"]}}],"collection":[{"href":"https:\/\/bluewatchfoundation.org\/de\/wp-json\/wp\/v2\/pages"}],"about":[{"href":"https:\/\/bluewatchfoundation.org\/de\/wp-json\/wp\/v2\/types\/page"}],"author":[{"embeddable":true,"href":"https:\/\/bluewatchfoundation.org\/de\/wp-json\/wp\/v2\/users\/2"}],"replies":[{"embeddable":true,"href":"https:\/\/bluewatchfoundation.org\/de\/wp-json\/wp\/v2\/comments?post=312"}],"version-history":[{"count":15,"href":"https:\/\/bluewatchfoundation.org\/de\/wp-json\/wp\/v2\/pages\/312\/revisions"}],"predecessor-version":[{"id":2443,"href":"https:\/\/bluewatchfoundation.org\/de\/wp-json\/wp\/v2\/pages\/312\/revisions\/2443"}],"wp:attachment":[{"href":"https:\/\/bluewatchfoundation.org\/de\/wp-json\/wp\/v2\/media?parent=312"}],"curies":[{"name":"wp","href":"https:\/\/api.w.org\/{rel}","templated":true}]}}