{"id":1121,"date":"2022-01-05T15:56:48","date_gmt":"2022-01-05T15:56:48","guid":{"rendered":"https:\/\/www.bluewatchfoundation.org\/?page_id=1121"},"modified":"2025-04-08T20:33:56","modified_gmt":"2025-04-08T20:33:56","slug":"book-giveaway","status":"publish","type":"page","link":"https:\/\/bluewatchfoundation.org\/es\/book-giveaway\/","title":{"rendered":"Sorteo de libros"},"content":{"rendered":"<p>[et_pb_section fb_built=&#8221;1&#8243; _builder_version=&#8221;4.7.7&#8243; _module_preset=&#8221;default&#8221;][et_pb_row _builder_version=&#8221;4.7.7&#8243; _module_preset=&#8221;default&#8221;][et_pb_column type=&#8221;4_4&#8243; _builder_version=&#8221;4.7.7&#8243; _module_preset=&#8221;default&#8221;][et_pb_text _builder_version=&#8221;4.7.7&#8243; _module_preset=&#8221;default&#8221;]<\/p>\n<h1>Sorteo de libros<\/h1>\n<p>[\/et_pb_text][\/et_pb_column][\/et_pb_row][et_pb_row column_structure=&#8221;1_4,3_4&#8243; _builder_version=&#8221;4.7.7&#8243; _module_preset=&#8221;default&#8221;][et_pb_column type=&#8221;1_4&#8243; _builder_version=&#8221;4.7.7&#8243; _module_preset=&#8221;default&#8221;][et_pb_image src=&#8221;http:\/\/bluewatchfoundation.org\/wp-content\/uploads\/2022\/01\/WinningAGunfight-cover.jpg&#8221; title_text=&#8221;WinningAGunfight-cover&#8221; _builder_version=&#8221;4.7.7&#8243; _module_preset=&#8221;default&#8221;][\/et_pb_image][\/et_pb_column][et_pb_column type=&#8221;3_4&#8243; _builder_version=&#8221;4.7.7&#8243; _module_preset=&#8221;default&#8221;][et_pb_text _builder_version=&#8221;4.7.7&#8243; _module_preset=&#8221;default&#8221;]<\/p>\n<p><span style=\"color: #000000;\"><strong><span style=\"font-size: 20px;\">\"Winning A Gunfight....Ganar la victoria \u00e9tica, mental y t\u00e1cticamente en un tiroteo<\/span>\"<\/strong><\/span><\/p>\n<p><span style=\"color: #000000;\">Ganar un tiroteo es mucho m\u00e1s que sobrevivir f\u00edsicamente. La mayor\u00eda de los que se ven envueltos en tiroteos sobreviven pero no ganan. Aprenda la diferencia y c\u00f3mo puede sobrevivir y ganar. Tanto si eres cl\u00e9rigo, capell\u00e1n, agente de la ley o una familia, esta es una lectura obligada. Pida hoy mismo su ejemplar gratuito.<\/span><\/p>\n<p>[\/et_pb_text][\/et_pb_column][\/et_pb_row][et_pb_row column_structure=&#8221;1_4,3_4&#8243; _builder_version=&#8221;4.7.7&#8243; _module_preset=&#8221;default&#8221;][et_pb_column type=&#8221;1_4&#8243; _builder_version=&#8221;4.7.7&#8243; _module_preset=&#8221;default&#8221;][et_pb_image src=&#8221;http:\/\/bluewatchfoundation.org\/wp-content\/uploads\/2022\/01\/SuicideIsNotAnOption-cover.jpg&#8221; title_text=&#8221;SuicideIsNotAnOption-cover&#8221; _builder_version=&#8221;4.7.7&#8243; _module_preset=&#8221;default&#8221;][\/et_pb_image][\/et_pb_column][et_pb_column type=&#8221;3_4&#8243; _builder_version=&#8221;4.7.7&#8243; _module_preset=&#8221;default&#8221;][et_pb_text _builder_version=&#8221;4.7.7&#8243; _module_preset=&#8221;default&#8221;]<\/p>\n<p><span style=\"font-size: 20px; color: #000000;\"><strong>\"El suicidio no es una opci\u00f3n\"<\/strong><\/span><\/p>\n<p><span style=\"color: #000000;\">Cada a\u00f1o se quitan la vida entre 2,5 y 3 veces m\u00e1s agentes que los que son asesinados en acto de servicio. A pesar de los esfuerzos de muchos, la tasa de suicidios entre los agentes del orden sigue aumentando. Tim Rupp, sargento de polic\u00eda jubilado y autor, explora los aspectos espirituales y sostiene que la vida tiene un sentido m\u00e1s all\u00e1 del individuo. Pida hoy mismo su ejemplar gratuito.<\/span><\/p>\n<p>[\/et_pb_text][\/et_pb_column][\/et_pb_row][et_pb_row disabled_on=&#8221;off|off|off&#8221; _builder_version=&#8221;4.7.7&#8243; _module_preset=&#8221;default&#8221;][et_pb_column type=&#8221;4_4&#8243; _builder_version=&#8221;4.7.7&#8243; _module_preset=&#8221;default&#8221;][et_pb_contact_form email=&#8221;n31onxok@robot.zapier.com, info@bluewatchfoundation.org &#8221; title=&#8221;Book Request&#8221; custom_message=&#8221;Name: |%%name%%|||et_pb_line_break_holder||Title (optional): |%%title%%|||et_pb_line_break_holder||Mailing Address: |%%mailingAddress%%|||et_pb_line_break_holder||City: |%%city%%|||et_pb_line_break_holder||State: |%%state%%|||et_pb_line_break_holder||Zip Code: |%%zip%%|||et_pb_line_break_holder||Email: |%%email%%|||et_pb_line_break_holder||Agency (optional): |%%agency%%|||et_pb_line_break_holder||Phone Number (optional): |%%phone%%|||et_pb_line_break_holder||Book Selection: |%%bookSelection%%|||et_pb_line_break_holder||Winning a Gunfight Quantity: |%%book1Qty%%|||et_pb_line_break_holder||Suicide Is Not An Option Quantity: |%%book2Qty%%|&#8221; success_message=&#8221;Thank you. We received your request. Expect shipment within one week. Should you have questions email us at info@bluewatchfoundation.org.&#8221; admin_label=&#8221;Book Request Form&#8221; _builder_version=&#8221;4.7.7&#8243; _module_preset=&#8221;default&#8221; hover_enabled=&#8221;0&#8243; sticky_enabled=&#8221;0&#8243;][et_pb_contact_field field_id=&#8221;name&#8221; field_title=&#8221;Name&#8221; fullwidth_field=&#8221;on&#8221; _builder_version=&#8221;4.7.7&#8243; button_text_size__hover_enabled=&#8221;off&#8221; button_one_text_size__hover_enabled=&#8221;off&#8221; button_two_text_size__hover_enabled=&#8221;off&#8221; button_text_color__hover_enabled=&#8221;off&#8221; button_one_text_color__hover_enabled=&#8221;off&#8221; button_two_text_color__hover_enabled=&#8221;off&#8221; button_border_width__hover_enabled=&#8221;off&#8221; button_one_border_width__hover_enabled=&#8221;off&#8221; button_two_border_width__hover_enabled=&#8221;off&#8221; button_border_color__hover_enabled=&#8221;off&#8221; button_one_border_color__hover_enabled=&#8221;off&#8221; button_two_border_color__hover_enabled=&#8221;off&#8221; button_border_radius__hover_enabled=&#8221;off&#8221; button_one_border_radius__hover_enabled=&#8221;off&#8221; button_two_border_radius__hover_enabled=&#8221;off&#8221; button_letter_spacing__hover_enabled=&#8221;off&#8221; button_one_letter_spacing__hover_enabled=&#8221;off&#8221; button_two_letter_spacing__hover_enabled=&#8221;off&#8221; button_bg_color__hover_enabled=&#8221;off&#8221; button_one_bg_color__hover_enabled=&#8221;off&#8221; button_two_bg_color__hover_enabled=&#8221;off&#8221;][\/et_pb_contact_field][et_pb_contact_field field_id=&#8221;title&#8221; field_title=&#8221;Your Title (optional)&#8221; required_mark=&#8221;off&#8221; fullwidth_field=&#8221;on&#8221; _builder_version=&#8221;4.7.7&#8243; button_text_size__hover_enabled=&#8221;off&#8221; button_one_text_size__hover_enabled=&#8221;off&#8221; button_two_text_size__hover_enabled=&#8221;off&#8221; button_text_color__hover_enabled=&#8221;off&#8221; button_one_text_color__hover_enabled=&#8221;off&#8221; button_two_text_color__hover_enabled=&#8221;off&#8221; button_border_width__hover_enabled=&#8221;off&#8221; button_one_border_width__hover_enabled=&#8221;off&#8221; button_two_border_width__hover_enabled=&#8221;off&#8221; button_border_color__hover_enabled=&#8221;off&#8221; button_one_border_color__hover_enabled=&#8221;off&#8221; button_two_border_color__hover_enabled=&#8221;off&#8221; button_border_radius__hover_enabled=&#8221;off&#8221; button_one_border_radius__hover_enabled=&#8221;off&#8221; button_two_border_radius__hover_enabled=&#8221;off&#8221; button_letter_spacing__hover_enabled=&#8221;off&#8221; button_one_letter_spacing__hover_enabled=&#8221;off&#8221; button_two_letter_spacing__hover_enabled=&#8221;off&#8221; button_bg_color__hover_enabled=&#8221;off&#8221; button_one_bg_color__hover_enabled=&#8221;off&#8221; button_two_bg_color__hover_enabled=&#8221;off&#8221;][\/et_pb_contact_field][et_pb_contact_field field_id=&#8221;mailingAddress&#8221; field_title=&#8221;Mailing Address&#8221; fullwidth_field=&#8221;on&#8221; _builder_version=&#8221;4.7.7&#8243; _module_preset=&#8221;default&#8221;][\/et_pb_contact_field][et_pb_contact_field field_id=&#8221;city&#8221; field_title=&#8221;City&#8221; _builder_version=&#8221;4.7.7&#8243; _module_preset=&#8221;default&#8221;][\/et_pb_contact_field][et_pb_contact_field field_id=&#8221;state&#8221; field_title=&#8221;State&#8221; _builder_version=&#8221;4.7.7&#8243; _module_preset=&#8221;default&#8221;][\/et_pb_contact_field][et_pb_contact_field field_id=&#8221;zip&#8221; field_title=&#8221;Zip Code&#8221; fullwidth_field=&#8221;on&#8221; _builder_version=&#8221;4.7.7&#8243; _module_preset=&#8221;default&#8221;][\/et_pb_contact_field][et_pb_contact_field field_id=&#8221;email&#8221; field_title=&#8221;Email&#8221; fullwidth_field=&#8221;on&#8221; _builder_version=&#8221;4.7.7&#8243; _module_preset=&#8221;default&#8221;][\/et_pb_contact_field][et_pb_contact_field field_id=&#8221;agency&#8221; field_title=&#8221;Agency (optional)&#8221; required_mark=&#8221;off&#8221; _builder_version=&#8221;4.7.7&#8243; _module_preset=&#8221;default&#8221;][\/et_pb_contact_field][et_pb_contact_field field_id=&#8221;phone&#8221; field_title=&#8221;Phone Number (optional)&#8221; required_mark=&#8221;off&#8221; _builder_version=&#8221;4.7.7&#8243; _module_preset=&#8221;default&#8221;][\/et_pb_contact_field][et_pb_contact_field field_id=&#8221;bookSelection&#8221; field_title=&#8221;Book Selection&#8221; field_type=&#8221;radio&#8221; radio_options=&#8221;%91{%22value%22:%22Winning A Gunfight%22,%22checked%22:0,%22dragID%22:-1},{%22value%22:%22Suicide Is Not An Option%22,%22checked%22:0,%22dragID%22:0}%93&#8243; fullwidth_field=&#8221;on&#8221; _builder_version=&#8221;4.7.7&#8243; _module_preset=&#8221;default&#8221;][\/et_pb_contact_field][et_pb_contact_field field_id=&#8221;book1Qty&#8221; field_title=&#8221;Select quantity&#8221; field_type=&#8221;select&#8221; select_options=&#8221;%91{%22value%22:%221%22,%22checked%22:0,%22dragID%22:-1},{%22value%22:%222%22,%22checked%22:0,%22dragID%22:0}%93&#8243; conditional_logic=&#8221;on&#8221; conditional_logic_rules=&#8221;%91{%22field%22:%22bookselection%22,%22condition%22:%22is%22,%22value%22:%22Winning A Gunfight%22}%93&#8243; _builder_version=&#8221;4.7.7&#8243; _module_preset=&#8221;default&#8221;][\/et_pb_contact_field][et_pb_contact_field field_id=&#8221;book2Qty&#8221; field_title=&#8221;Select quantity&#8221; field_type=&#8221;select&#8221; select_options=&#8221;%91{%22value%22:%221%22,%22checked%22:0,%22dragID%22:-1},{%22value%22:%222%22,%22checked%22:0,%22dragID%22:0}%93&#8243; conditional_logic=&#8221;on&#8221; conditional_logic_rules=&#8221;%91{%22field%22:%22bookselection%22,%22condition%22:%22is%22,%22value%22:%22Suicide Is Not An Option%22}%93&#8243; _builder_version=&#8221;4.7.7&#8243; _module_preset=&#8221;default&#8221; custom_margin=&#8221;||||false|false&#8221; custom_padding=&#8221;||||false|false&#8221;][\/et_pb_contact_field][\/et_pb_contact_form][\/et_pb_column][\/et_pb_row][\/et_pb_section]<\/p>","protected":false},"excerpt":{"rendered":"<p>Book Giveaway\u201cWinning A Gunfight\u2026.Securing victory ethically, mentally and tactically in a gunfight\u201d There is much more to winning a gunfight than just physically surviving. Most who are in gunfights survive but may not win. Learn the difference and how you can survive and win. Whether you are clergy, chaplain, law enforcement or a family this [&hellip;]<\/p>","protected":false},"author":5,"featured_media":0,"parent":0,"menu_order":0,"comment_status":"closed","ping_status":"closed","template":"","meta":{"_et_pb_use_builder":"on","_et_pb_old_content":"","_et_gb_content_width":"","footnotes":""},"class_list":["post-1121","page","type-page","status-publish","hentry"],"_links":{"self":[{"href":"https:\/\/bluewatchfoundation.org\/es\/wp-json\/wp\/v2\/pages\/1121","targetHints":{"allow":["GET"]}}],"collection":[{"href":"https:\/\/bluewatchfoundation.org\/es\/wp-json\/wp\/v2\/pages"}],"about":[{"href":"https:\/\/bluewatchfoundation.org\/es\/wp-json\/wp\/v2\/types\/page"}],"author":[{"embeddable":true,"href":"https:\/\/bluewatchfoundation.org\/es\/wp-json\/wp\/v2\/users\/5"}],"replies":[{"embeddable":true,"href":"https:\/\/bluewatchfoundation.org\/es\/wp-json\/wp\/v2\/comments?post=1121"}],"version-history":[{"count":91,"href":"https:\/\/bluewatchfoundation.org\/es\/wp-json\/wp\/v2\/pages\/1121\/revisions"}],"predecessor-version":[{"id":2286,"href":"https:\/\/bluewatchfoundation.org\/es\/wp-json\/wp\/v2\/pages\/1121\/revisions\/2286"}],"wp:attachment":[{"href":"https:\/\/bluewatchfoundation.org\/es\/wp-json\/wp\/v2\/media?parent=1121"}],"curies":[{"name":"wp","href":"https:\/\/api.w.org\/{rel}","templated":true}]}}