{"id":1766,"date":"2023-07-10T18:07:28","date_gmt":"2023-07-10T18:07:28","guid":{"rendered":"https:\/\/www.bluewatchfoundation.org\/?page_id=1766"},"modified":"2023-09-07T15:01:46","modified_gmt":"2023-09-07T15:01:46","slug":"live-unconquered","status":"publish","type":"page","link":"https:\/\/bluewatchfoundation.org\/es\/events\/october-2023\/live-unconquered\/","title":{"rendered":"Vivir sin conquistar"},"content":{"rendered":"<p>[et_pb_section fb_built=&#8221;1&#8243; _builder_version=&#8221;4.7.7&#8243; _module_preset=&#8221;default&#8221;][et_pb_row _builder_version=&#8221;4.7.7&#8243; _module_preset=&#8221;default&#8221;][et_pb_column type=&#8221;4_4&#8243; _builder_version=&#8221;4.7.7&#8243; _module_preset=&#8221;default&#8221;][et_pb_image src=&#8221;http:\/\/bluewatchfoundation.org\/wp-content\/uploads\/2023\/04\/Live-unconquered1.png&#8221; title_text=&#8221;Live unconquered1&#8243; _builder_version=&#8221;4.7.7&#8243; _module_preset=&#8221;default&#8221; width=&#8221;35%&#8221; width_tablet=&#8221;50%&#8221; width_phone=&#8221;100%&#8221; width_last_edited=&#8221;on|phone&#8221;][\/et_pb_image][\/et_pb_column][\/et_pb_row][et_pb_row column_structure=&#8221;2_3,1_3&#8243; _builder_version=&#8221;4.7.7&#8243; _module_preset=&#8221;default&#8221;][et_pb_column type=&#8221;2_3&#8243; _builder_version=&#8221;4.7.7&#8243; _module_preset=&#8221;default&#8221;][et_pb_text _builder_version=&#8221;4.7.7&#8243; _module_preset=&#8221;default&#8221; header_text_color=&#8221;#1c3664&#8243; header_line_height=&#8221;1.25em&#8221; custom_margin=&#8221;||10px||false|false&#8221; custom_css_main_element=&#8221;text-wrap: balance;&#8221;]<\/p>\n<h1>Blue Watch Presenta: Live Unconquered\u00a0<\/h1>\n<p>[\/et_pb_text][et_pb_text _builder_version=&#8221;4.7.7&#8243; _module_preset=&#8221;default&#8221; text_text_color=&#8221;#000000&#8243;]<\/p>\n<p>Las fuerzas del orden son una de las profesiones m\u00e1s dif\u00edciles de nuestro tiempo. Los agentes se enfrentan cada d\u00eda a la adversidad. Esto puede ser desalentador y a menudo hacer que uno se pregunte por qu\u00e9 siguen haciendo lo que hacen. Si este es su caso, entonces usted no quiere perderse este d\u00eda. Ven a disfrutar de la diversi\u00f3n, el compa\u00f1erismo y la experiencia de la emoci\u00f3n. Escuche un mensaje alentador y salga con herramientas que lo preparen para la adversidad. No importa donde est\u00e9s en la vida, este es un d\u00eda que no querr\u00e1s perderte. \u00a1Saldr\u00e1s animado!<\/p>\n<p>[\/et_pb_text][et_pb_text _builder_version=&#8221;4.7.7&#8243; _module_preset=&#8221;default&#8221; text_font=&#8221;|600|on||||||&#8221; text_text_color=&#8221;#1c3664&#8243; text_font_size=&#8221;24px&#8221;]<\/p>\n<p>Comida, compa\u00f1erismo y regalos.<\/p>\n<p>[\/et_pb_text][et_pb_button button_url=&#8221;#register&#8221; button_text=&#8221;Register&#8221; _builder_version=&#8221;4.7.7&#8243; _module_preset=&#8221;default&#8221; custom_margin=&#8221;||10px||false|false&#8221; custom_padding=&#8221;||||false|false&#8221;][\/et_pb_button][et_pb_text _builder_version=&#8221;4.7.7&#8243; _module_preset=&#8221;default&#8221;]<\/p>\n<p>Apertura de inscripciones: 1 de agosto - Cierre: 3 de octubre<\/p>\n<p>[\/et_pb_text][\/et_pb_column][et_pb_column type=&#8221;1_3&#8243; _builder_version=&#8221;4.7.7&#8243; _module_preset=&#8221;default&#8221;][et_pb_image src=&#8221;http:\/\/bluewatchfoundation.org\/wp-content\/uploads\/2023\/07\/LiveUnconquered-AdamDavis.jpg&#8221; title_text=&#8221;LiveUnconquered-AdamDavis&#8221; _builder_version=&#8221;4.7.7&#8243; _module_preset=&#8221;default&#8221;][\/et_pb_image][\/et_pb_column][\/et_pb_row][et_pb_row disabled_on=&#8221;off|off|off&#8221; _builder_version=&#8221;4.7.7&#8243; _module_preset=&#8221;default&#8221; hover_enabled=&#8221;0&#8243; sticky_enabled=&#8221;0&#8243;][et_pb_column type=&#8221;4_4&#8243; _builder_version=&#8221;4.7.7&#8243; _module_preset=&#8221;default&#8221;][et_pb_text _builder_version=&#8221;4.7.7&#8243; _module_preset=&#8221;default&#8221; custom_margin=&#8221;||0px||false|false&#8221; custom_padding=&#8221;||||false|false&#8221;]<\/p>\n<h2>Author Adam Davis, featured speaker at Live Unconquered<\/h2>\n<p>[\/et_pb_text][et_pb_text _builder_version=&#8221;4.7.7&#8243; _module_preset=&#8221;default&#8221; hover_enabled=&#8221;0&#8243; text_text_color=&#8221;#000000&#8243; sticky_enabled=&#8221;0&#8243;]<\/p>\n<p>Adam Davis talks about his new book &#8220;Unconquered&#8221;<\/p>\n<p>[\/et_pb_text][et_pb_video src=&#8221;https:\/\/vimeo.com\/862028426\/31aeb654bf?share=copy&#8221; _builder_version=&#8221;4.7.7&#8243; _module_preset=&#8221;default&#8221; hover_enabled=&#8221;0&#8243; sticky_enabled=&#8221;0&#8243;][\/et_pb_video][\/et_pb_column][\/et_pb_row][et_pb_row _builder_version=&#8221;4.7.7&#8243; _module_preset=&#8221;default&#8221;][et_pb_column type=&#8221;4_4&#8243; _builder_version=&#8221;4.7.7&#8243; _module_preset=&#8221;default&#8221;][et_pb_gallery gallery_ids=&#8221;1391,1747,1811,1639&#8243; posts_number=&#8221;5&#8243; show_title_and_caption=&#8221;off&#8221; show_pagination=&#8221;off&#8221; _builder_version=&#8221;4.7.7&#8243; _module_preset=&#8221;default&#8221;][\/et_pb_gallery][\/et_pb_column][\/et_pb_row][\/et_pb_section][et_pb_section fb_built=&#8221;1&#8243; module_id=&#8221;speakers&#8221; _builder_version=&#8221;4.7.7&#8243; _module_preset=&#8221;default&#8221; background_color=&#8221;#f6f6f6&#8243;][et_pb_row _builder_version=&#8221;4.7.7&#8243; _module_preset=&#8221;default&#8221;][et_pb_column type=&#8221;4_4&#8243; _builder_version=&#8221;4.7.7&#8243; _module_preset=&#8221;default&#8221;][et_pb_text _builder_version=&#8221;4.7.7&#8243; _module_preset=&#8221;default&#8221;]<\/p>\n<h2>Altavoces<\/h2>\n<p>[\/et_pb_text][\/et_pb_column][\/et_pb_row][et_pb_row column_structure=&#8221;1_3,1_3,1_3&#8243; _builder_version=&#8221;4.7.7&#8243; _module_preset=&#8221;default&#8221;][et_pb_column type=&#8221;1_3&#8243; _builder_version=&#8221;4.7.7&#8243; _module_preset=&#8221;default&#8221;][et_pb_team_member name=&#8221;Adam Davis&#8221; image_url=&#8221;http:\/\/bluewatchfoundation.org\/wp-content\/uploads\/2023\/07\/AdamDavis.jpg&#8221; _builder_version=&#8221;4.7.7&#8243; _module_preset=&#8221;default&#8221; header_font=&#8221;||||||||&#8221; header_text_color=&#8221;#000000&#8243; body_font=&#8221;||on||||||&#8221; body_text_color=&#8221;#000000&#8243; hover_enabled=&#8221;0&#8243; border_radii_image=&#8221;on|5px|5px|5px|5px&#8221; sticky_enabled=&#8221;0&#8243;]<\/p>\n<p>Our speaker today is a former law enforcement officer and has worked with law enforcement for nearly a decade. In 2015, he left his career in law enforcement and has devoted his life to delivering proven tools and resources to the mind and soul for first responders. An author of nine books, Adam has also spoken nationally to universities, military and law enforcement. His work has been featured in numerous publications to include Policeone.com and Law Enforcement Today, and has recently made appearances on Good Morning America and ABC News.<\/p>\n<p>[\/et_pb_team_member][\/et_pb_column][et_pb_column type=&#8221;1_3&#8243; _builder_version=&#8221;4.7.7&#8243; _module_preset=&#8221;default&#8221;][et_pb_team_member name=&#8221;Lt. Col. Dave Grossman&#8221; position=&#8221;U.S. Army, retired&#8221; image_url=&#8221;http:\/\/bluewatchfoundation.org\/wp-content\/uploads\/2023\/07\/DaveGrossman.jpg&#8221; _builder_version=&#8221;4.7.7&#8243; _module_preset=&#8221;default&#8221; header_font=&#8221;||||||||&#8221; header_text_color=&#8221;#000000&#8243; body_font=&#8221;||on||||||&#8221; body_text_color=&#8221;#000000&#8243; position_font=&#8221;|600|||||||&#8221; position_text_color=&#8221;#1c3664&#8243; border_radii_image=&#8221;on|5px|5px|5px|5px&#8221;]<\/p>\n<p>Dave is one of the nation&#8217;s leading trainers in law enforcement, a U.S. Army Ranger, paratrooper, former West Point Psychology Professor and the author of several books including bestsellers &#8220;On Killing&#8221;, in addition to &#8220;Bulletproof Marriage&#8221; and &#8220;On Spiritual Combat&#8221;, both co-authored with Adam Davis.<\/p>\n<p>[\/et_pb_team_member][\/et_pb_column][et_pb_column type=&#8221;1_3&#8243; _builder_version=&#8221;4.7.7&#8243; _module_preset=&#8221;default&#8221;][et_pb_team_member name=&#8221;Andy Hughes&#8221; image_url=&#8221;http:\/\/bluewatchfoundation.org\/wp-content\/uploads\/2023\/07\/AndyHughes.jpg&#8221; _builder_version=&#8221;4.7.7&#8243; _module_preset=&#8221;default&#8221; header_font=&#8221;||||||||&#8221; header_text_color=&#8221;#000000&#8243; body_font=&#8221;||on||||||&#8221; body_text_color=&#8221;#000000&#8243; border_radii_image=&#8221;on|5px|5px|5px|5px&#8221;]<\/p>\n<p>Andy started his career as a dispatcher with the Houston County, Alabama Sheriff&#8217;s office in 1986. He later served as a Deputy Sheriff and Narcotics Investigator before continuing his career with the Dothan, Alabama Police Department in 1990, later serving two terms as Houston County Sheriff. In 2014 he assumed command of Tactical Operations for ALEA where he served until his retirement in 2016. Since that time Andy has served as Special Projects Manager for First Guard, LLC.<\/p>\n<p>[\/et_pb_team_member][\/et_pb_column][\/et_pb_row][et_pb_row _builder_version=&#8221;4.7.7&#8243; _module_preset=&#8221;default&#8221;][et_pb_column type=&#8221;4_4&#8243; _builder_version=&#8221;4.7.7&#8243; _module_preset=&#8221;default&#8221;][et_pb_button button_url=&#8221;#register&#8221; button_text=&#8221;Register&#8221; button_alignment=&#8221;center&#8221; _builder_version=&#8221;4.7.7&#8243; _module_preset=&#8221;default&#8221; custom_margin=&#8221;||10px||false|false&#8221; custom_padding=&#8221;||||false|false&#8221;][\/et_pb_button][\/et_pb_column][\/et_pb_row][\/et_pb_section][et_pb_section fb_built=&#8221;1&#8243; _builder_version=&#8221;4.7.7&#8243; _module_preset=&#8221;default&#8221; border_width_bottom=&#8221;1px&#8221; border_color_bottom=&#8221;#e1e1e1&#8243;][et_pb_row column_structure=&#8221;2_3,1_3&#8243; _builder_version=&#8221;4.7.7&#8243; _module_preset=&#8221;default&#8221;][et_pb_column type=&#8221;2_3&#8243; _builder_version=&#8221;4.7.7&#8243; _module_preset=&#8221;default&#8221;][et_pb_text _builder_version=&#8221;4.7.7&#8243; _module_preset=&#8221;default&#8221;]<\/p>\n<h2>Detalles del evento y calendario<\/h2>\n<p>[\/et_pb_text][et_pb_text _builder_version=&#8221;4.7.7&#8243; _module_preset=&#8221;default&#8221; text_text_color=&#8221;#000000&#8243; link_font=&#8221;||||on||||&#8221;]<\/p>\n<h3>Detalles<\/h3>\n<ul>\n<li><strong>Date:<\/strong> Mi\u00e9rcoles, 11 de octubre: 8:30 - 15:00<\/li>\n<li><strong>Ubicaci\u00f3n:<\/strong> Centro C\u00edvico de Vestavia Hills - <a href=\"https:\/\/goo.gl\/maps\/RytLzKYGenxvUuTX9\" target=\"_blank\" rel=\"noopener noreferrer\">1090 Montgomery Hwy. Vestavia Hills, Alabama 35216<\/a><\/li>\n<\/ul>\n<p>[\/et_pb_text][et_pb_text _builder_version=&#8221;4.7.7&#8243; _module_preset=&#8221;default&#8221; text_text_color=&#8221;#000000&#8243;]<\/p>\n<h3>Horario<\/h3>\n<ul>\n<li><strong>Puertas abiertas:<\/strong> 7:30 a.m.<\/li>\n<li><strong>Bienvenida y presentaciones:<\/strong> 8:30 a.m.<\/li>\n<li><strong>Teniente Coronel Dave Grossman:\u00a0<\/strong><em>Mente a prueba de balas<\/em>\u00a0de<em>\u00a0<\/em>8.45 h - 12.00 h<\/li>\n<li><strong>Comida in situ:<\/strong> 12 del mediod\u00eda<\/li>\n<li><strong>Andy Hughes:\u00a0<\/strong><em>Llevar la espada <\/em>a las 13:00<\/li>\n<li><strong>Adam Davis:<\/strong>\u00a0<em>Vivir sin conquistar <\/em>a las 14:00<\/li>\n<\/ul>\n<p>[\/et_pb_text][\/et_pb_column][et_pb_column type=&#8221;1_3&#8243; _builder_version=&#8221;4.7.7&#8243; _module_preset=&#8221;default&#8221;][et_pb_image src=&#8221;http:\/\/bluewatchfoundation.org\/wp-content\/uploads\/2023\/07\/On-Spiritual-Combat.jpg&#8221; title_text=&#8221;On Spiritual Combat&#8221; _builder_version=&#8221;4.7.7&#8243; _module_preset=&#8221;default&#8221; border_radii=&#8221;on|5px|5px|5px|5px&#8221;][\/et_pb_image][\/et_pb_column][\/et_pb_row][\/et_pb_section][et_pb_section fb_built=&#8221;1&#8243; module_id=&#8221;register&#8221; _builder_version=&#8221;4.7.7&#8243; _module_preset=&#8221;default&#8221;][et_pb_row _builder_version=&#8221;4.7.7&#8243; _module_preset=&#8221;default&#8221;][et_pb_column type=&#8221;4_4&#8243; _builder_version=&#8221;4.7.7&#8243; _module_preset=&#8221;default&#8221;][et_pb_text _builder_version=&#8221;4.7.7&#8243; _module_preset=&#8221;default&#8221;]<\/p>\n<h2>Inscripci\u00f3n y entradas<\/h2>\n<p>Apertura de inscripciones: 1 de agosto - Cierre: 3 de octubre<\/p>\n<p>[\/et_pb_text][et_pb_text _builder_version=&#8221;4.7.7&#8243; _module_preset=&#8221;default&#8221; text_text_color=&#8221;#000000&#8243;]<\/p>\n<ul>\n<li><strong>Entrada general:<\/strong> $65<\/li>\n<li><strong>Early Bird Discount:<\/strong> $50\n<ul>\n<li><em>Limited number available, offer expires August 31st<\/em><\/li>\n<\/ul>\n<\/li>\n<li><strong>Entrada VIP:<\/strong> $80\n<ul>\n<li>Incluye asientos reservados, ejemplares autografiados de\u00a0<em>Vivir sin conquistar\u00a0<\/em>y\u00a0<em>Sobre el combate espiritual<\/em><\/li>\n<\/ul>\n<\/li>\n<\/ul>\n<p>El precio de la entrada incluye Refrescos y almuerzo in situ, y Certificado de Finalizaci\u00f3n para Cr\u00e9ditos APOST. Se conceden cinco horas de cr\u00e9ditos APOST.<\/p>\n<p>[\/et_pb_text][et_pb_code _builder_version=&#8221;4.7.7&#8243; _module_preset=&#8221;default&#8221; border_width_all=&#8221;1px&#8221; border_color_all=&#8221;#f6f6f6&#8243;]<\/p>\n<div id=\"eventbrite-widget-container-667959453707\"><\/div>\n<p><!-- [et_pb_line_break_holder] --><!-- [et_pb_line_break_holder] --><script src=\"https:\/\/www.eventbrite.com\/static\/widgets\/eb_widgets.js\"><\/script><!-- [et_pb_line_break_holder] --><!-- [et_pb_line_break_holder] --><script type=\"text\/javascript\"><!-- [et_pb_line_break_holder] -->    var exampleCallback = function() {<!-- [et_pb_line_break_holder] -->        console.log('Order complete!');<!-- [et_pb_line_break_holder] -->    };<!-- [et_pb_line_break_holder] --><!-- [et_pb_line_break_holder] -->    window.EBWidgets.createWidget({<!-- [et_pb_line_break_holder] -->        \/\/ Required<!-- [et_pb_line_break_holder] -->        widgetType: 'checkout',<!-- [et_pb_line_break_holder] -->        eventId: '667959453707',<!-- [et_pb_line_break_holder] -->        iframeContainerId: 'eventbrite-widget-container-667959453707',<!-- [et_pb_line_break_holder] --><!-- [et_pb_line_break_holder] -->        \/\/ Optional<!-- [et_pb_line_break_holder] -->        iframeContainerHeight: 425,  \/\/ Widget height in pixels. Defaults to a minimum of 425px if not provided<!-- [et_pb_line_break_holder] -->        onOrderComplete: exampleCallback  \/\/ Method called when an order has successfully completed<!-- [et_pb_line_break_holder] -->    });<!-- [et_pb_line_break_holder] --><\/script>[\/et_pb_code][et_pb_text _builder_version=&#8221;4.7.7&#8243; _module_preset=&#8221;default&#8221; link_font=&#8221;||||on||||&#8221;]<\/p>\n<p>You can also register by\u00a0<a href=\"https:\/\/www.eventbrite.com\/e\/667959453707\" target=\"_blank\" rel=\"noopener noreferrer\">visiting the EventBrite page<\/a><\/p>\n<p>[\/et_pb_text][\/et_pb_column][\/et_pb_row][\/et_pb_section]<\/p>","protected":false},"excerpt":{"rendered":"<p>Blue Watch Presents: Live Unconquered\u00a0Law Enforcement is one of the most challenging professions of our time. Every day officers face adversity. This can be discouraging and often cause one to question why they keep doing what they do. If this is you then you do not want to miss this day. Come enjoy fun, fellowship [&hellip;]<\/p>","protected":false},"author":5,"featured_media":0,"parent":1769,"menu_order":0,"comment_status":"closed","ping_status":"closed","template":"","meta":{"_et_pb_use_builder":"on","_et_pb_old_content":"","_et_gb_content_width":"","footnotes":""},"class_list":["post-1766","page","type-page","status-publish","hentry"],"_links":{"self":[{"href":"https:\/\/bluewatchfoundation.org\/es\/wp-json\/wp\/v2\/pages\/1766","targetHints":{"allow":["GET"]}}],"collection":[{"href":"https:\/\/bluewatchfoundation.org\/es\/wp-json\/wp\/v2\/pages"}],"about":[{"href":"https:\/\/bluewatchfoundation.org\/es\/wp-json\/wp\/v2\/types\/page"}],"author":[{"embeddable":true,"href":"https:\/\/bluewatchfoundation.org\/es\/wp-json\/wp\/v2\/users\/5"}],"replies":[{"embeddable":true,"href":"https:\/\/bluewatchfoundation.org\/es\/wp-json\/wp\/v2\/comments?post=1766"}],"version-history":[{"count":36,"href":"https:\/\/bluewatchfoundation.org\/es\/wp-json\/wp\/v2\/pages\/1766\/revisions"}],"predecessor-version":[{"id":1874,"href":"https:\/\/bluewatchfoundation.org\/es\/wp-json\/wp\/v2\/pages\/1766\/revisions\/1874"}],"up":[{"embeddable":true,"href":"https:\/\/bluewatchfoundation.org\/es\/wp-json\/wp\/v2\/pages\/1769"}],"wp:attachment":[{"href":"https:\/\/bluewatchfoundation.org\/es\/wp-json\/wp\/v2\/media?parent=1766"}],"curies":[{"name":"wp","href":"https:\/\/api.w.org\/{rel}","templated":true}]}}