{"id":312,"date":"2019-08-13T03:52:21","date_gmt":"2019-08-13T03:52:21","guid":{"rendered":"https:\/\/www.bluewatchfoundation.org\/?page_id=312"},"modified":"2026-03-27T20:16:06","modified_gmt":"2026-03-27T20:16:06","slug":"meet-the-team","status":"publish","type":"page","link":"https:\/\/bluewatchfoundation.org\/es\/meet-the-team\/","title":{"rendered":"Qui\u00e9nes somos"},"content":{"rendered":"<p>[et_pb_section fb_built=&#8221;1&#8243; _builder_version=&#8221;4.16&#8243; global_colors_info=&#8221;{}&#8221;][et_pb_row _builder_version=&#8221;4.16&#8243; _module_preset=&#8221;default&#8221; custom_margin=&#8221;0px||0px||false|false&#8221; custom_padding=&#8221;0px||0px||false|false&#8221; global_colors_info=&#8221;{}&#8221;][et_pb_column type=&#8221;4_4&#8243; _builder_version=&#8221;4.16&#8243; _module_preset=&#8221;default&#8221; global_colors_info=&#8221;{}&#8221;][et_pb_text _builder_version=&#8221;4.16&#8243; _module_preset=&#8221;default&#8221; global_colors_info=&#8221;{}&#8221;]<\/p>\n<h2 style=\"text-align: center;\">En BlueWatch Foundation... \u00bfqu\u00e9 hacemos REALMENTE?<\/h2>\n<p>[\/et_pb_text][et_pb_text _builder_version=&#8221;4.16&#8243; _module_preset=&#8221;default&#8221; global_colors_info=&#8221;{}&#8221;]<\/p>\n<p>Si ha llegado hasta aqu\u00ed, probablemente haya le\u00eddo la declaraci\u00f3n de objetivos.  Pero eso no le dice realmente c\u00f3mo ponemos esos objetivos en acci\u00f3n.   \u00bfC\u00f3mo apoyamos y educamos?  \u00bfQu\u00e9 se entiende por \"alentar\" a un agente?  \u00bfC\u00f3mo involucramos a los agentes y a la comunidad en la que sirven?<\/p>\n<p>Nuestra misi\u00f3n se centra en cuatro estrategias clave que creemos que dan a cualquier agente la mejor oportunidad de tener \u00e9xito en su carrera, manteniendo al mismo tiempo una relaci\u00f3n positiva con su familia y su comunidad.  En la b\u00fasqueda del bienestar general, creemos que el bienestar espiritual y una relaci\u00f3n significativa con Dios son fundamentales para el \u00e9xito de las estrategias que empleamos y para los oficiales a los que servimos.  Nuestros objetivos estrat\u00e9gicos incluyen:<\/p>\n<p>&nbsp;<\/p>\n<p>[\/et_pb_text][\/et_pb_column][\/et_pb_row][et_pb_row column_structure=&#8221;1_4,1_4,1_4,1_4&#8243; _builder_version=&#8221;4.16&#8243; _module_preset=&#8221;default&#8221; global_colors_info=&#8221;{}&#8221;][et_pb_column type=&#8221;1_4&#8243; _builder_version=&#8221;4.16&#8243; _module_preset=&#8221;default&#8221; global_colors_info=&#8221;{}&#8221;][et_pb_text _builder_version=&#8221;4.16&#8243; _module_preset=&#8221;default&#8221; header_3_text_align=&#8221;center&#8221; header_3_font_size=&#8221;16px&#8221; custom_margin=&#8221;0px||-1px||false|false&#8221; custom_padding=&#8221;0px||0px||false|false&#8221; global_colors_info=&#8221;{}&#8221;]<\/p>\n<h3 style=\"text-align: left;\">Talleres y seminarios<\/h3>\n<p>[\/et_pb_text][et_pb_image src=&#8221;http:\/\/bluewatchfoundation.org\/wp-content\/uploads\/2023\/10\/LiveUnconqueredConference-IMG_0774.jpg&#8221; title_text=&#8221;LiveUnconqueredConference-IMG_0774&#8243; _builder_version=&#8221;4.16&#8243; _module_preset=&#8221;default&#8221; global_colors_info=&#8221;{}&#8221;][\/et_pb_image][et_pb_text _builder_version=&#8221;4.16&#8243; _module_preset=&#8221;default&#8221; global_colors_info=&#8221;{}&#8221;]<\/p>\n<p style=\"text-align: left;\">Cada a\u00f1o se celebran m\u00faltiples actos centrados en el liderazgo, el bienestar emocional y el bienestar f\u00edsico.  Estos eventos est\u00e1n dirigidos por expertos locales y nacionales reconocidos en estos campos.  Gran parte de la formaci\u00f3n da derecho a cr\u00e9ditos de formaci\u00f3n continua con APOST.<\/p>\n<p>[\/et_pb_text][\/et_pb_column][et_pb_column type=&#8221;1_4&#8243; _builder_version=&#8221;4.16&#8243; _module_preset=&#8221;default&#8221; global_colors_info=&#8221;{}&#8221;][et_pb_text _builder_version=&#8221;4.16&#8243; _module_preset=&#8221;default&#8221; header_3_text_align=&#8221;center&#8221; header_3_font_size=&#8221;16px&#8221; custom_margin=&#8221;0px||-1px||false|false&#8221; custom_padding=&#8221;0px||0px||false|false&#8221; global_colors_info=&#8221;{}&#8221;]<\/p>\n<h3 style=\"text-align: left;\">Tutor\u00eda<\/h3>\n<p>[\/et_pb_text][et_pb_image src=&#8221;http:\/\/bluewatchfoundation.org\/wp-content\/uploads\/2022\/09\/DSC0109.jpg&#8221; title_text=&#8221;_DSC0109&#8243; _builder_version=&#8221;4.16&#8243; _module_preset=&#8221;default&#8221; global_colors_info=&#8221;{}&#8221;][\/et_pb_image][et_pb_text _builder_version=&#8221;4.16&#8243; _module_preset=&#8221;default&#8221; global_colors_info=&#8221;{}&#8221;]<\/p>\n<p style=\"text-align: left;\">Los oficiales tienen la oportunidad de reunirse peri\u00f3dicamente con un mentor para mejorar sus aptitudes de liderazgo, desarrollar su carrera o recibir asesoramiento sobre cuestiones personales y familiares.  Esta estrategia empareja a los oficiales uno a uno con entrenadores, oficiales retirados u oficiales actuales con m\u00e1s experiencia que pueden servir de mentores.<\/p>\n<p>[\/et_pb_text][\/et_pb_column][et_pb_column type=&#8221;1_4&#8243; _builder_version=&#8221;4.16&#8243; _module_preset=&#8221;default&#8221; global_colors_info=&#8221;{}&#8221;][et_pb_text _builder_version=&#8221;4.16&#8243; _module_preset=&#8221;default&#8221; header_3_text_align=&#8221;center&#8221; header_3_font_size=&#8221;16px&#8221; custom_margin=&#8221;0px||-1px||false|false&#8221; custom_padding=&#8221;0px||0px||false|false&#8221; global_colors_info=&#8221;{}&#8221;]<\/p>\n<h3 style=\"text-align: left;\">Servicios profesionales<\/h3>\n<p>[\/et_pb_text][et_pb_image src=&#8221;http:\/\/bluewatchfoundation.org\/wp-content\/uploads\/2023\/10\/LiveUnconqueredConference-IMG_0756.jpg&#8221; title_text=&#8221;LiveUnconqueredConference-IMG_0756&#8243; _builder_version=&#8221;4.16&#8243; _module_preset=&#8221;default&#8221; global_colors_info=&#8221;{}&#8221;][\/et_pb_image][et_pb_text _builder_version=&#8221;4.16&#8243; _module_preset=&#8221;default&#8221; global_colors_info=&#8221;{}&#8221;]<\/p>\n<p style=\"text-align: left;\">Organizamos la ayuda profesional de terapeutas, psic\u00f3logos y capellanes para asistir a aquellos oficiales que necesiten una atenci\u00f3n m\u00e1s especializada en cuestiones emocionales, espirituales o familiares como la ansiedad, la depresi\u00f3n, las crisis matrimoniales, la crianza de los hijos, el abuso de sustancias y el sentimiento de culpa.\u00a0<\/p>\n<p>[\/et_pb_text][\/et_pb_column][et_pb_column type=&#8221;1_4&#8243; _builder_version=&#8221;4.16&#8243; _module_preset=&#8221;default&#8221; global_colors_info=&#8221;{}&#8221;][et_pb_text _builder_version=&#8221;4.16&#8243; _module_preset=&#8221;default&#8221; header_3_text_align=&#8221;center&#8221; header_3_font_size=&#8221;16px&#8221; custom_margin=&#8221;0px||-1px||false|false&#8221; custom_padding=&#8221;0px||0px||false|false&#8221; global_colors_info=&#8221;{}&#8221;]<\/p>\n<h3 style=\"text-align: left;\">Oportunidades de servicio<\/h3>\n<p>[\/et_pb_text][et_pb_image src=&#8221;http:\/\/bluewatchfoundation.org\/wp-content\/uploads\/2022\/08\/shades-volunteer_2712.jpg&#8221; title_text=&#8221;shades volunteer_2712&#8243; _builder_version=&#8221;4.16&#8243; _module_preset=&#8221;default&#8221; global_colors_info=&#8221;{}&#8221;][\/et_pb_image][et_pb_text _builder_version=&#8221;4.16&#8243; _module_preset=&#8221;default&#8221; global_colors_info=&#8221;{}&#8221;]<\/p>\n<p style=\"text-align: left;\">Creemos que la plenitud personal no puede alcanzarse sin incluir el servicio como modo de vida.  Los funcionarios suelen ocuparse de los aspectos negativos de una comunidad y rara vez tienen oportunidades de implicar a los dem\u00e1s de un modo m\u00e1s positivo.  Nos esforzamos por cambiar esta situaci\u00f3n coordinando actos en los que participen miembros de la comunidad a escala local y colaborando con otros organismos nacionales y de todo el mundo.<\/p>\n<p>[\/et_pb_text][\/et_pb_column][\/et_pb_row][et_pb_row _builder_version=&#8221;4.16&#8243; _module_preset=&#8221;default&#8221; global_colors_info=&#8221;{}&#8221;][et_pb_column type=&#8221;4_4&#8243; _builder_version=&#8221;4.16&#8243; _module_preset=&#8221;default&#8221; global_colors_info=&#8221;{}&#8221;][et_pb_text _builder_version=&#8221;4.16&#8243; _module_preset=&#8221;default&#8221; global_colors_info=&#8221;{}&#8221;]<\/p>\n<h3 style=\"text-align: center;\">Conoce a nuestro equipo<\/h3>\n<p>[\/et_pb_text][\/et_pb_column][\/et_pb_row][et_pb_row column_structure=&#8221;1_2,1_2&#8243; _builder_version=&#8221;4.16&#8243; global_colors_info=&#8221;{}&#8221;][et_pb_column type=&#8221;1_2&#8243; _builder_version=&#8221;4.16&#8243; global_colors_info=&#8221;{}&#8221;][et_pb_text _builder_version=&#8221;4.27.4&#8243; global_colors_info=&#8221;{}&#8221;]<\/p>\n<h3 style=\"text-align: center;\">Burke Swearingen, Chair &amp; Executive Director<\/h3>\n<p>[\/et_pb_text][et_pb_image src=&#8221;http:\/\/bluewatchfoundation.org\/wp-content\/uploads\/2024\/07\/Burke-Headshot2-scaled-e1721081621756.jpg&#8221; title_text=&#8221;Burke Headshot2&#8243; _builder_version=&#8221;4.16&#8243; width=&#8221;70%&#8221; module_alignment=&#8221;center&#8221; global_colors_info=&#8221;{}&#8221;][\/et_pb_image][\/et_pb_column][et_pb_column type=&#8221;1_2&#8243; _builder_version=&#8221;4.16&#8243; global_colors_info=&#8221;{}&#8221;][et_pb_text _builder_version=&#8221;4.27.4&#8243; text_font=&#8221;||||||||&#8221; text_text_color=&#8221;#5e5e5e&#8221; global_colors_info=&#8221;{}&#8221;]<\/p>\n<h2><strong>Equipo de apoyo:<\/strong><\/h2>\n<p><span><strong>Manuel Z\u00e1rate<\/strong> - Director de Desarrollo de Liderazgo<\/span><\/p>\n<p><span><strong>Meagan Phillips<\/strong> - Director de Operaciones Comerciales<\/span><\/p>\n<h2><strong>Consejo de Administraci\u00f3n:<\/strong><\/h2>\n<p><span><strong>Jeffrey Brown,<\/strong> Vice Chair, FBI &#8211; Retired<\/span><\/p>\n<p><span><strong>Carol Dodgen,<\/strong> Secretary\/Treasurer, Dodgen Security Consulting<\/span><\/p>\n<p><span><strong>David Black, Jr.,<\/strong> Officer<\/span><\/p>\n<p><span><strong>Zach Carroll,<\/strong> Officer<\/span><\/p>\n<p>[\/et_pb_text][\/et_pb_column][\/et_pb_row][\/et_pb_section]<\/p>","protected":false},"excerpt":{"rendered":"<p>At BlueWatch Foundation &#8230; what do we REALLY do?If you&#8217;ve made it this far, you&#8217;ve probably read the mission statement.\u00a0 But that doesn&#8217;t really tell you how we put those goals into action.\u00a0 \u00a0How do we support and educate?\u00a0 What constitutes &#8220;encouragement&#8221; to an officer?\u00a0 How do we engage the officers and the community in [&hellip;]<\/p>","protected":false},"author":2,"featured_media":0,"parent":0,"menu_order":0,"comment_status":"closed","ping_status":"closed","template":"","meta":{"_et_pb_use_builder":"on","_et_pb_old_content":"","_et_gb_content_width":"","footnotes":""},"class_list":["post-312","page","type-page","status-publish","hentry"],"_links":{"self":[{"href":"https:\/\/bluewatchfoundation.org\/es\/wp-json\/wp\/v2\/pages\/312","targetHints":{"allow":["GET"]}}],"collection":[{"href":"https:\/\/bluewatchfoundation.org\/es\/wp-json\/wp\/v2\/pages"}],"about":[{"href":"https:\/\/bluewatchfoundation.org\/es\/wp-json\/wp\/v2\/types\/page"}],"author":[{"embeddable":true,"href":"https:\/\/bluewatchfoundation.org\/es\/wp-json\/wp\/v2\/users\/2"}],"replies":[{"embeddable":true,"href":"https:\/\/bluewatchfoundation.org\/es\/wp-json\/wp\/v2\/comments?post=312"}],"version-history":[{"count":15,"href":"https:\/\/bluewatchfoundation.org\/es\/wp-json\/wp\/v2\/pages\/312\/revisions"}],"predecessor-version":[{"id":2443,"href":"https:\/\/bluewatchfoundation.org\/es\/wp-json\/wp\/v2\/pages\/312\/revisions\/2443"}],"wp:attachment":[{"href":"https:\/\/bluewatchfoundation.org\/es\/wp-json\/wp\/v2\/media?parent=312"}],"curies":[{"name":"wp","href":"https:\/\/api.w.org\/{rel}","templated":true}]}}