{"id":312,"date":"2019-08-13T03:52:21","date_gmt":"2019-08-13T03:52:21","guid":{"rendered":"https:\/\/www.bluewatchfoundation.org\/?page_id=312"},"modified":"2026-03-27T20:16:06","modified_gmt":"2026-03-27T20:16:06","slug":"meet-the-team","status":"publish","type":"page","link":"https:\/\/bluewatchfoundation.org\/fr\/meet-the-team\/","title":{"rendered":"\u00c0 propos de nous"},"content":{"rendered":"<p>[et_pb_section fb_built=&#8221;1&#8243; _builder_version=&#8221;4.16&#8243; global_colors_info=&#8221;{}&#8221;][et_pb_row _builder_version=&#8221;4.16&#8243; _module_preset=&#8221;default&#8221; custom_margin=&#8221;0px||0px||false|false&#8221; custom_padding=&#8221;0px||0px||false|false&#8221; global_colors_info=&#8221;{}&#8221;][et_pb_column type=&#8221;4_4&#8243; _builder_version=&#8221;4.16&#8243; _module_preset=&#8221;default&#8221; global_colors_info=&#8221;{}&#8221;][et_pb_text _builder_version=&#8221;4.16&#8243; _module_preset=&#8221;default&#8221; global_colors_info=&#8221;{}&#8221;]<\/p>\n<h2 style=\"text-align: center;\">A la Fondation BlueWatch ... que faisons-nous VRAIMENT ?<\/h2>\n<p>[\/et_pb_text][et_pb_text _builder_version=&#8221;4.16&#8243; _module_preset=&#8221;default&#8221; global_colors_info=&#8221;{}&#8221;]<\/p>\n<p>Si vous \u00eates arriv\u00e9 jusqu'ici, vous avez probablement lu la d\u00e9claration de mission.  Mais cela ne vous dit pas vraiment comment nous mettons ces objectifs en \u0153uvre.   Comment soutenons-nous et \u00e9duquons-nous ?  Qu'est-ce qui constitue un \"encouragement\" pour un agent ?  Comment impliquons-nous les officiers et la communaut\u00e9 dans laquelle ils servent ?<\/p>\n<p>Notre mission s'articule autour de quatre strat\u00e9gies cl\u00e9s qui, selon nous, donnent \u00e0 tout agent les meilleures chances de r\u00e9ussir sa carri\u00e8re, tout en maintenant une relation positive avec sa famille et sa communaut\u00e9.  Dans la recherche d'un bien-\u00eatre global, nous pensons que le bien-\u00eatre spirituel et une relation significative avec Dieu sont essentiels \u00e0 la r\u00e9ussite des strat\u00e9gies que nous employons et aux officiers que nous servons.  Nos objectifs strat\u00e9giques sont les suivants<\/p>\n<p>&nbsp;<\/p>\n<p>[\/et_pb_text][\/et_pb_column][\/et_pb_row][et_pb_row column_structure=&#8221;1_4,1_4,1_4,1_4&#8243; _builder_version=&#8221;4.16&#8243; _module_preset=&#8221;default&#8221; global_colors_info=&#8221;{}&#8221;][et_pb_column type=&#8221;1_4&#8243; _builder_version=&#8221;4.16&#8243; _module_preset=&#8221;default&#8221; global_colors_info=&#8221;{}&#8221;][et_pb_text _builder_version=&#8221;4.16&#8243; _module_preset=&#8221;default&#8221; header_3_text_align=&#8221;center&#8221; header_3_font_size=&#8221;16px&#8221; custom_margin=&#8221;0px||-1px||false|false&#8221; custom_padding=&#8221;0px||0px||false|false&#8221; global_colors_info=&#8221;{}&#8221;]<\/p>\n<h3 style=\"text-align: left;\">Ateliers et s\u00e9minaires<\/h3>\n<p>[\/et_pb_text][et_pb_image src=&#8221;http:\/\/bluewatchfoundation.org\/wp-content\/uploads\/2023\/10\/LiveUnconqueredConference-IMG_0774.jpg&#8221; title_text=&#8221;LiveUnconqueredConference-IMG_0774&#8243; _builder_version=&#8221;4.16&#8243; _module_preset=&#8221;default&#8221; global_colors_info=&#8221;{}&#8221;][\/et_pb_image][et_pb_text _builder_version=&#8221;4.16&#8243; _module_preset=&#8221;default&#8221; global_colors_info=&#8221;{}&#8221;]<\/p>\n<p style=\"text-align: left;\">De nombreux \u00e9v\u00e9nements sont organis\u00e9s chaque ann\u00e9e et mettent l'accent sur le leadership, le bien-\u00eatre \u00e9motionnel et le bien-\u00eatre physique.  Ces \u00e9v\u00e9nements sont anim\u00e9s par des experts locaux et nationaux reconnus dans ces domaines.  Une grande partie de la formation donne droit \u00e0 des cr\u00e9dits de formation continue aupr\u00e8s d'APOST.<\/p>\n<p>[\/et_pb_text][\/et_pb_column][et_pb_column type=&#8221;1_4&#8243; _builder_version=&#8221;4.16&#8243; _module_preset=&#8221;default&#8221; global_colors_info=&#8221;{}&#8221;][et_pb_text _builder_version=&#8221;4.16&#8243; _module_preset=&#8221;default&#8221; header_3_text_align=&#8221;center&#8221; header_3_font_size=&#8221;16px&#8221; custom_margin=&#8221;0px||-1px||false|false&#8221; custom_padding=&#8221;0px||0px||false|false&#8221; global_colors_info=&#8221;{}&#8221;]<\/p>\n<h3 style=\"text-align: left;\">Mentorat<\/h3>\n<p>[\/et_pb_text][et_pb_image src=&#8221;http:\/\/bluewatchfoundation.org\/wp-content\/uploads\/2022\/09\/DSC0109.jpg&#8221; title_text=&#8221;_DSC0109&#8243; _builder_version=&#8221;4.16&#8243; _module_preset=&#8221;default&#8221; global_colors_info=&#8221;{}&#8221;][\/et_pb_image][et_pb_text _builder_version=&#8221;4.16&#8243; _module_preset=&#8221;default&#8221; global_colors_info=&#8221;{}&#8221;]<\/p>\n<p style=\"text-align: left;\">Les officiers ont la possibilit\u00e9 de rencontrer r\u00e9guli\u00e8rement un mentor pour am\u00e9liorer leurs comp\u00e9tences en mati\u00e8re de leadership, d\u00e9velopper leur carri\u00e8re ou obtenir des conseils sur des questions personnelles et familiales.  Cette strat\u00e9gie associe les officiers \u00e0 des coachs, des officiers \u00e0 la retraite ou des officiers actuels plus exp\u00e9riment\u00e9s qui peuvent servir de mentors.<\/p>\n<p>[\/et_pb_text][\/et_pb_column][et_pb_column type=&#8221;1_4&#8243; _builder_version=&#8221;4.16&#8243; _module_preset=&#8221;default&#8221; global_colors_info=&#8221;{}&#8221;][et_pb_text _builder_version=&#8221;4.16&#8243; _module_preset=&#8221;default&#8221; header_3_text_align=&#8221;center&#8221; header_3_font_size=&#8221;16px&#8221; custom_margin=&#8221;0px||-1px||false|false&#8221; custom_padding=&#8221;0px||0px||false|false&#8221; global_colors_info=&#8221;{}&#8221;]<\/p>\n<h3 style=\"text-align: left;\">Services professionnels<\/h3>\n<p>[\/et_pb_text][et_pb_image src=&#8221;http:\/\/bluewatchfoundation.org\/wp-content\/uploads\/2023\/10\/LiveUnconqueredConference-IMG_0756.jpg&#8221; title_text=&#8221;LiveUnconqueredConference-IMG_0756&#8243; _builder_version=&#8221;4.16&#8243; _module_preset=&#8221;default&#8221; global_colors_info=&#8221;{}&#8221;][\/et_pb_image][et_pb_text _builder_version=&#8221;4.16&#8243; _module_preset=&#8221;default&#8221; global_colors_info=&#8221;{}&#8221;]<\/p>\n<p style=\"text-align: left;\">Nous faisons appel \u00e0 des th\u00e9rapeutes, des psychologues et des aum\u00f4niers pour aider les officiers qui ont besoin d'une attention plus particuli\u00e8re sur des questions \u00e9motionnelles, spirituelles ou familiales telles que l'anxi\u00e9t\u00e9, la d\u00e9pression, les crises conjugales, l'\u00e9ducation des enfants, la toxicomanie et la culpabilit\u00e9.\u00a0<\/p>\n<p>[\/et_pb_text][\/et_pb_column][et_pb_column type=&#8221;1_4&#8243; _builder_version=&#8221;4.16&#8243; _module_preset=&#8221;default&#8221; global_colors_info=&#8221;{}&#8221;][et_pb_text _builder_version=&#8221;4.16&#8243; _module_preset=&#8221;default&#8221; header_3_text_align=&#8221;center&#8221; header_3_font_size=&#8221;16px&#8221; custom_margin=&#8221;0px||-1px||false|false&#8221; custom_padding=&#8221;0px||0px||false|false&#8221; global_colors_info=&#8221;{}&#8221;]<\/p>\n<h3 style=\"text-align: left;\">Possibilit\u00e9s de service<\/h3>\n<p>[\/et_pb_text][et_pb_image src=&#8221;http:\/\/bluewatchfoundation.org\/wp-content\/uploads\/2022\/08\/shades-volunteer_2712.jpg&#8221; title_text=&#8221;shades volunteer_2712&#8243; _builder_version=&#8221;4.16&#8243; _module_preset=&#8221;default&#8221; global_colors_info=&#8221;{}&#8221;][\/et_pb_image][et_pb_text _builder_version=&#8221;4.16&#8243; _module_preset=&#8221;default&#8221; global_colors_info=&#8221;{}&#8221;]<\/p>\n<p style=\"text-align: left;\">Nous pensons que l'\u00e9panouissement personnel ne peut \u00eatre atteint sans inclure le service comme mode de vie.  Les agents sont souvent confront\u00e9s aux aspects n\u00e9gatifs d'une communaut\u00e9 et ont rarement l'occasion d'engager les autres de mani\u00e8re plus positive.  Nous nous effor\u00e7ons de changer cela en coordonnant des \u00e9v\u00e9nements impliquant des membres de la communaut\u00e9 au niveau local et en nous engageant avec d'autres agences au niveau national et dans le monde entier.<\/p>\n<p>[\/et_pb_text][\/et_pb_column][\/et_pb_row][et_pb_row _builder_version=&#8221;4.16&#8243; _module_preset=&#8221;default&#8221; global_colors_info=&#8221;{}&#8221;][et_pb_column type=&#8221;4_4&#8243; _builder_version=&#8221;4.16&#8243; _module_preset=&#8221;default&#8221; global_colors_info=&#8221;{}&#8221;][et_pb_text _builder_version=&#8221;4.16&#8243; _module_preset=&#8221;default&#8221; global_colors_info=&#8221;{}&#8221;]<\/p>\n<h3 style=\"text-align: center;\">Rencontrer notre \u00e9quipe<\/h3>\n<p>[\/et_pb_text][\/et_pb_column][\/et_pb_row][et_pb_row column_structure=&#8221;1_2,1_2&#8243; _builder_version=&#8221;4.16&#8243; global_colors_info=&#8221;{}&#8221;][et_pb_column type=&#8221;1_2&#8243; _builder_version=&#8221;4.16&#8243; global_colors_info=&#8221;{}&#8221;][et_pb_text _builder_version=&#8221;4.27.4&#8243; global_colors_info=&#8221;{}&#8221;]<\/p>\n<h3 style=\"text-align: center;\">Burke Swearingen, Chair &amp; Executive Director<\/h3>\n<p>[\/et_pb_text][et_pb_image src=&#8221;http:\/\/bluewatchfoundation.org\/wp-content\/uploads\/2024\/07\/Burke-Headshot2-scaled-e1721081621756.jpg&#8221; title_text=&#8221;Burke Headshot2&#8243; _builder_version=&#8221;4.16&#8243; width=&#8221;70%&#8221; module_alignment=&#8221;center&#8221; global_colors_info=&#8221;{}&#8221;][\/et_pb_image][\/et_pb_column][et_pb_column type=&#8221;1_2&#8243; _builder_version=&#8221;4.16&#8243; global_colors_info=&#8221;{}&#8221;][et_pb_text _builder_version=&#8221;4.27.4&#8243; text_font=&#8221;||||||||&#8221; text_text_color=&#8221;#5e5e5e&#8221; global_colors_info=&#8221;{}&#8221;]<\/p>\n<h2><strong>\u00c9quipe de soutien :<\/strong><\/h2>\n<p><span><strong>Manuel Zarate<\/strong> - Directeur du d\u00e9veloppement du leadership<\/span><\/p>\n<p><span><strong>Meagan Phillips<\/strong> - Directeur des op\u00e9rations commerciales<\/span><\/p>\n<h2><strong>Conseil d'administration :<\/strong><\/h2>\n<p><span><strong>Jeffrey Brown,<\/strong> Vice Chair, FBI &#8211; Retired<\/span><\/p>\n<p><span><strong>Carol Dodgen,<\/strong> Secretary\/Treasurer, Dodgen Security Consulting<\/span><\/p>\n<p><span><strong>David Black, Jr.,<\/strong> Officer<\/span><\/p>\n<p><span><strong>Zach Carroll,<\/strong> Officer<\/span><\/p>\n<p>[\/et_pb_text][\/et_pb_column][\/et_pb_row][\/et_pb_section]<\/p>","protected":false},"excerpt":{"rendered":"<p>At BlueWatch Foundation &#8230; what do we REALLY do?If you&#8217;ve made it this far, you&#8217;ve probably read the mission statement.\u00a0 But that doesn&#8217;t really tell you how we put those goals into action.\u00a0 \u00a0How do we support and educate?\u00a0 What constitutes &#8220;encouragement&#8221; to an officer?\u00a0 How do we engage the officers and the community in [&hellip;]<\/p>","protected":false},"author":2,"featured_media":0,"parent":0,"menu_order":0,"comment_status":"closed","ping_status":"closed","template":"","meta":{"_et_pb_use_builder":"on","_et_pb_old_content":"","_et_gb_content_width":"","footnotes":""},"class_list":["post-312","page","type-page","status-publish","hentry"],"_links":{"self":[{"href":"https:\/\/bluewatchfoundation.org\/fr\/wp-json\/wp\/v2\/pages\/312","targetHints":{"allow":["GET"]}}],"collection":[{"href":"https:\/\/bluewatchfoundation.org\/fr\/wp-json\/wp\/v2\/pages"}],"about":[{"href":"https:\/\/bluewatchfoundation.org\/fr\/wp-json\/wp\/v2\/types\/page"}],"author":[{"embeddable":true,"href":"https:\/\/bluewatchfoundation.org\/fr\/wp-json\/wp\/v2\/users\/2"}],"replies":[{"embeddable":true,"href":"https:\/\/bluewatchfoundation.org\/fr\/wp-json\/wp\/v2\/comments?post=312"}],"version-history":[{"count":15,"href":"https:\/\/bluewatchfoundation.org\/fr\/wp-json\/wp\/v2\/pages\/312\/revisions"}],"predecessor-version":[{"id":2443,"href":"https:\/\/bluewatchfoundation.org\/fr\/wp-json\/wp\/v2\/pages\/312\/revisions\/2443"}],"wp:attachment":[{"href":"https:\/\/bluewatchfoundation.org\/fr\/wp-json\/wp\/v2\/media?parent=312"}],"curies":[{"name":"wp","href":"https:\/\/api.w.org\/{rel}","templated":true}]}}