{"id":312,"date":"2019-08-13T03:52:21","date_gmt":"2019-08-13T03:52:21","guid":{"rendered":"https:\/\/www.bluewatchfoundation.org\/?page_id=312"},"modified":"2026-03-27T20:16:06","modified_gmt":"2026-03-27T20:16:06","slug":"meet-the-team","status":"publish","type":"page","link":"https:\/\/bluewatchfoundation.org\/pt\/meet-the-team\/","title":{"rendered":"Sobre n\u00f3s"},"content":{"rendered":"<p>[et_pb_section fb_built=&#8221;1&#8243; _builder_version=&#8221;4.16&#8243; global_colors_info=&#8221;{}&#8221;][et_pb_row _builder_version=&#8221;4.16&#8243; _module_preset=&#8221;default&#8221; custom_margin=&#8221;0px||0px||false|false&#8221; custom_padding=&#8221;0px||0px||false|false&#8221; global_colors_info=&#8221;{}&#8221;][et_pb_column type=&#8221;4_4&#8243; _builder_version=&#8221;4.16&#8243; _module_preset=&#8221;default&#8221; global_colors_info=&#8221;{}&#8221;][et_pb_text _builder_version=&#8221;4.16&#8243; _module_preset=&#8221;default&#8221; global_colors_info=&#8221;{}&#8221;]<\/p>\n<h2 style=\"text-align: center;\">Na BlueWatch Foundation ... o que \u00e9 que REALMENTE fazemos?<\/h2>\n<p>[\/et_pb_text][et_pb_text _builder_version=&#8221;4.16&#8243; _module_preset=&#8221;default&#8221; global_colors_info=&#8221;{}&#8221;]<\/p>\n<p>Se chegou at\u00e9 aqui, provavelmente j\u00e1 leu a declara\u00e7\u00e3o de miss\u00e3o.  Mas isso n\u00e3o lhe diz como colocamos esses objectivos em a\u00e7\u00e3o.   Como \u00e9 que apoiamos e educamos?  O que \u00e9 que constitui \"encorajamento\" para um agente?  Como \u00e9 que envolvemos os agentes e a comunidade em que prestam servi\u00e7o?<\/p>\n<p>A nossa miss\u00e3o centra-se em quatro estrat\u00e9gias-chave que acreditamos darem a qualquer agente a melhor hip\u00f3tese de ser bem sucedido na sua carreira, mantendo ao mesmo tempo uma rela\u00e7\u00e3o positiva com a sua fam\u00edlia e a sua comunidade.  Em busca do bem-estar geral, acreditamos que o bem-estar espiritual e uma rela\u00e7\u00e3o significativa com Deus s\u00e3o fundamentais para o sucesso das estrat\u00e9gias que empregamos e para os oficiais que servimos.  Os nossos objectivos estrat\u00e9gicos incluem:<\/p>\n<p>&nbsp;<\/p>\n<p>[\/et_pb_text][\/et_pb_column][\/et_pb_row][et_pb_row column_structure=&#8221;1_4,1_4,1_4,1_4&#8243; _builder_version=&#8221;4.16&#8243; _module_preset=&#8221;default&#8221; global_colors_info=&#8221;{}&#8221;][et_pb_column type=&#8221;1_4&#8243; _builder_version=&#8221;4.16&#8243; _module_preset=&#8221;default&#8221; global_colors_info=&#8221;{}&#8221;][et_pb_text _builder_version=&#8221;4.16&#8243; _module_preset=&#8221;default&#8221; header_3_text_align=&#8221;center&#8221; header_3_font_size=&#8221;16px&#8221; custom_margin=&#8221;0px||-1px||false|false&#8221; custom_padding=&#8221;0px||0px||false|false&#8221; global_colors_info=&#8221;{}&#8221;]<\/p>\n<h3 style=\"text-align: left;\">Workshops e semin\u00e1rios<\/h3>\n<p>[\/et_pb_text][et_pb_image src=&#8221;http:\/\/bluewatchfoundation.org\/wp-content\/uploads\/2023\/10\/LiveUnconqueredConference-IMG_0774.jpg&#8221; title_text=&#8221;LiveUnconqueredConference-IMG_0774&#8243; _builder_version=&#8221;4.16&#8243; _module_preset=&#8221;default&#8221; global_colors_info=&#8221;{}&#8221;][\/et_pb_image][et_pb_text _builder_version=&#8221;4.16&#8243; _module_preset=&#8221;default&#8221; global_colors_info=&#8221;{}&#8221;]<\/p>\n<p style=\"text-align: left;\">Todos os anos s\u00e3o organizados v\u00e1rios eventos centrados na lideran\u00e7a, no bem-estar emocional e no bem-estar f\u00edsico.  Estes eventos s\u00e3o orientados por especialistas locais e reconhecidos a n\u00edvel nacional nos respectivos dom\u00ednios.  Grande parte da forma\u00e7\u00e3o qualifica-se para cr\u00e9ditos de educa\u00e7\u00e3o cont\u00ednua com a APOST.<\/p>\n<p>[\/et_pb_text][\/et_pb_column][et_pb_column type=&#8221;1_4&#8243; _builder_version=&#8221;4.16&#8243; _module_preset=&#8221;default&#8221; global_colors_info=&#8221;{}&#8221;][et_pb_text _builder_version=&#8221;4.16&#8243; _module_preset=&#8221;default&#8221; header_3_text_align=&#8221;center&#8221; header_3_font_size=&#8221;16px&#8221; custom_margin=&#8221;0px||-1px||false|false&#8221; custom_padding=&#8221;0px||0px||false|false&#8221; global_colors_info=&#8221;{}&#8221;]<\/p>\n<h3 style=\"text-align: left;\">Mentoria<\/h3>\n<p>[\/et_pb_text][et_pb_image src=&#8221;http:\/\/bluewatchfoundation.org\/wp-content\/uploads\/2022\/09\/DSC0109.jpg&#8221; title_text=&#8221;_DSC0109&#8243; _builder_version=&#8221;4.16&#8243; _module_preset=&#8221;default&#8221; global_colors_info=&#8221;{}&#8221;][\/et_pb_image][et_pb_text _builder_version=&#8221;4.16&#8243; _module_preset=&#8221;default&#8221; global_colors_info=&#8221;{}&#8221;]<\/p>\n<p style=\"text-align: left;\">Os oficiais t\u00eam a oportunidade de se encontrar regularmente com um mentor para melhorar as suas capacidades de lideran\u00e7a, desenvolver a sua carreira ou aconselhar sobre quest\u00f5es pessoais e familiares.  Esta estrat\u00e9gia coloca os agentes em contacto direto com treinadores, agentes reformados ou agentes actuais mais experientes que podem servir de mentores.<\/p>\n<p>[\/et_pb_text][\/et_pb_column][et_pb_column type=&#8221;1_4&#8243; _builder_version=&#8221;4.16&#8243; _module_preset=&#8221;default&#8221; global_colors_info=&#8221;{}&#8221;][et_pb_text _builder_version=&#8221;4.16&#8243; _module_preset=&#8221;default&#8221; header_3_text_align=&#8221;center&#8221; header_3_font_size=&#8221;16px&#8221; custom_margin=&#8221;0px||-1px||false|false&#8221; custom_padding=&#8221;0px||0px||false|false&#8221; global_colors_info=&#8221;{}&#8221;]<\/p>\n<h3 style=\"text-align: left;\">Servi\u00e7os profissionais<\/h3>\n<p>[\/et_pb_text][et_pb_image src=&#8221;http:\/\/bluewatchfoundation.org\/wp-content\/uploads\/2023\/10\/LiveUnconqueredConference-IMG_0756.jpg&#8221; title_text=&#8221;LiveUnconqueredConference-IMG_0756&#8243; _builder_version=&#8221;4.16&#8243; _module_preset=&#8221;default&#8221; global_colors_info=&#8221;{}&#8221;][\/et_pb_image][et_pb_text _builder_version=&#8221;4.16&#8243; _module_preset=&#8221;default&#8221; global_colors_info=&#8221;{}&#8221;]<\/p>\n<p style=\"text-align: left;\">Providenciamos ajuda profissional de terapeutas, psic\u00f3logos e capel\u00e3es para ajudar os oficiais que necessitam de uma aten\u00e7\u00e3o mais especializada em quest\u00f5es emocionais, espirituais ou relacionadas com a fam\u00edlia, tais como ansiedade, depress\u00e3o, crises conjugais, parentalidade, abuso de subst\u00e2ncias e culpa.\u00a0<\/p>\n<p>[\/et_pb_text][\/et_pb_column][et_pb_column type=&#8221;1_4&#8243; _builder_version=&#8221;4.16&#8243; _module_preset=&#8221;default&#8221; global_colors_info=&#8221;{}&#8221;][et_pb_text _builder_version=&#8221;4.16&#8243; _module_preset=&#8221;default&#8221; header_3_text_align=&#8221;center&#8221; header_3_font_size=&#8221;16px&#8221; custom_margin=&#8221;0px||-1px||false|false&#8221; custom_padding=&#8221;0px||0px||false|false&#8221; global_colors_info=&#8221;{}&#8221;]<\/p>\n<h3 style=\"text-align: left;\">Oportunidades de servi\u00e7o<\/h3>\n<p>[\/et_pb_text][et_pb_image src=&#8221;http:\/\/bluewatchfoundation.org\/wp-content\/uploads\/2022\/08\/shades-volunteer_2712.jpg&#8221; title_text=&#8221;shades volunteer_2712&#8243; _builder_version=&#8221;4.16&#8243; _module_preset=&#8221;default&#8221; global_colors_info=&#8221;{}&#8221;][\/et_pb_image][et_pb_text _builder_version=&#8221;4.16&#8243; _module_preset=&#8221;default&#8221; global_colors_info=&#8221;{}&#8221;]<\/p>\n<p style=\"text-align: left;\">Acreditamos que a integridade pessoal n\u00e3o pode ser alcan\u00e7ada sem incluir o servi\u00e7o como um modo de vida.  Os agentes lidam frequentemente com os aspectos negativos de uma comunidade e raramente t\u00eam oportunidades de envolver os outros de uma forma mais positiva.  Esfor\u00e7amo-nos por mudar esta situa\u00e7\u00e3o, coordenando eventos que envolvam os membros da comunidade a n\u00edvel local e colaborando com outras ag\u00eancias a n\u00edvel nacional e em todo o mundo.<\/p>\n<p>[\/et_pb_text][\/et_pb_column][\/et_pb_row][et_pb_row _builder_version=&#8221;4.16&#8243; _module_preset=&#8221;default&#8221; global_colors_info=&#8221;{}&#8221;][et_pb_column type=&#8221;4_4&#8243; _builder_version=&#8221;4.16&#8243; _module_preset=&#8221;default&#8221; global_colors_info=&#8221;{}&#8221;][et_pb_text _builder_version=&#8221;4.16&#8243; _module_preset=&#8221;default&#8221; global_colors_info=&#8221;{}&#8221;]<\/p>\n<h3 style=\"text-align: center;\">Conhe\u00e7a a nossa equipa<\/h3>\n<p>[\/et_pb_text][\/et_pb_column][\/et_pb_row][et_pb_row column_structure=&#8221;1_2,1_2&#8243; _builder_version=&#8221;4.16&#8243; global_colors_info=&#8221;{}&#8221;][et_pb_column type=&#8221;1_2&#8243; _builder_version=&#8221;4.16&#8243; global_colors_info=&#8221;{}&#8221;][et_pb_text _builder_version=&#8221;4.27.4&#8243; global_colors_info=&#8221;{}&#8221;]<\/p>\n<h3 style=\"text-align: center;\">Burke Swearingen, Chair &amp; Executive Director<\/h3>\n<p>[\/et_pb_text][et_pb_image src=&#8221;http:\/\/bluewatchfoundation.org\/wp-content\/uploads\/2024\/07\/Burke-Headshot2-scaled-e1721081621756.jpg&#8221; title_text=&#8221;Burke Headshot2&#8243; _builder_version=&#8221;4.16&#8243; width=&#8221;70%&#8221; module_alignment=&#8221;center&#8221; global_colors_info=&#8221;{}&#8221;][\/et_pb_image][\/et_pb_column][et_pb_column type=&#8221;1_2&#8243; _builder_version=&#8221;4.16&#8243; global_colors_info=&#8221;{}&#8221;][et_pb_text _builder_version=&#8221;4.27.4&#8243; text_font=&#8221;||||||||&#8221; text_text_color=&#8221;#5e5e5e&#8221; global_colors_info=&#8221;{}&#8221;]<\/p>\n<h2><strong>Equipa de apoio:<\/strong><\/h2>\n<p><span><strong>Manuel Zarate<\/strong> - Diretor de Desenvolvimento de Lideran\u00e7a<\/span><\/p>\n<p><span><strong>Meagan Phillips<\/strong> - Diretor de Opera\u00e7\u00f5es Comerciais<\/span><\/p>\n<h2><strong>Conselho de Administra\u00e7\u00e3o:<\/strong><\/h2>\n<p><span><strong>Jeffrey Brown,<\/strong> Vice Chair, FBI &#8211; Retired<\/span><\/p>\n<p><span><strong>Carol Dodgen,<\/strong> Secretary\/Treasurer, Dodgen Security Consulting<\/span><\/p>\n<p><span><strong>David Black, Jr.,<\/strong> Officer<\/span><\/p>\n<p><span><strong>Zach Carroll,<\/strong> Officer<\/span><\/p>\n<p>[\/et_pb_text][\/et_pb_column][\/et_pb_row][\/et_pb_section]<\/p>","protected":false},"excerpt":{"rendered":"<p>At BlueWatch Foundation &#8230; what do we REALLY do?If you&#8217;ve made it this far, you&#8217;ve probably read the mission statement.\u00a0 But that doesn&#8217;t really tell you how we put those goals into action.\u00a0 \u00a0How do we support and educate?\u00a0 What constitutes &#8220;encouragement&#8221; to an officer?\u00a0 How do we engage the officers and the community in [&hellip;]<\/p>","protected":false},"author":2,"featured_media":0,"parent":0,"menu_order":0,"comment_status":"closed","ping_status":"closed","template":"","meta":{"_et_pb_use_builder":"on","_et_pb_old_content":"","_et_gb_content_width":"","footnotes":""},"class_list":["post-312","page","type-page","status-publish","hentry"],"_links":{"self":[{"href":"https:\/\/bluewatchfoundation.org\/pt\/wp-json\/wp\/v2\/pages\/312","targetHints":{"allow":["GET"]}}],"collection":[{"href":"https:\/\/bluewatchfoundation.org\/pt\/wp-json\/wp\/v2\/pages"}],"about":[{"href":"https:\/\/bluewatchfoundation.org\/pt\/wp-json\/wp\/v2\/types\/page"}],"author":[{"embeddable":true,"href":"https:\/\/bluewatchfoundation.org\/pt\/wp-json\/wp\/v2\/users\/2"}],"replies":[{"embeddable":true,"href":"https:\/\/bluewatchfoundation.org\/pt\/wp-json\/wp\/v2\/comments?post=312"}],"version-history":[{"count":15,"href":"https:\/\/bluewatchfoundation.org\/pt\/wp-json\/wp\/v2\/pages\/312\/revisions"}],"predecessor-version":[{"id":2443,"href":"https:\/\/bluewatchfoundation.org\/pt\/wp-json\/wp\/v2\/pages\/312\/revisions\/2443"}],"wp:attachment":[{"href":"https:\/\/bluewatchfoundation.org\/pt\/wp-json\/wp\/v2\/media?parent=312"}],"curies":[{"name":"wp","href":"https:\/\/api.w.org\/{rel}","templated":true}]}}